{"id":7433,"date":"2018-12-31T11:25:27","date_gmt":"2018-12-31T09:25:27","guid":{"rendered":"https:\/\/ramkool.edu.ee\/roostiku\/?page_id=7433"},"modified":"2018-12-31T11:48:35","modified_gmt":"2018-12-31T09:48:35","slug":"hetki-teise-perioodi-koolipaevadest","status":"publish","type":"page","link":"https:\/\/ramkool.edu.ee\/roostiku\/pildialbum\/pildialbum\/hetki-teise-perioodi-koolipaevadest\/","title":{"rendered":"Hetki teise perioodi koolip\u00e4evadest"},"content":{"rendered":"<p>Teisel perioodil r\u00e4ndasime p\u00e4rimusradadel. Igal hommikul pajatas keegi meist \u00fche eesti muinasjutu. Haarasime k\u00e4tte heegeln\u00f5elad ja nii sai p\u00e4ikese saali betoonpost endale sooja salli \u00fcmber kaela, mida on n\u00fc\u00fcd hea kallistada. Meie kambris k\u00f5lasid ka v\u00f5\u00f5rkeelsed etteasted, lavastuslikke elemente jagus erinevatesse p\u00e4evadesse\u00a0ajalooliste et\u00fc\u00fcdide, ettekannete ja luuleridade esitamisel. \u00d5ues m\u00e4ngumaal valmisid onnid. J\u00f5udsime r\u00f5\u00f5mu tunda lumest ning j\u00f5uluajal \u00fcheskoos j\u00f5ulutoitu maitsta.<\/p>\n","protected":false},"excerpt":{"rendered":"<p>Teisel perioodil r\u00e4ndasime p\u00e4rimusradadel. Igal hommikul pajatas<\/p>\n","protected":false},"author":17,"featured_media":7442,"parent":5953,"menu_order":700,"comment_status":"closed","ping_status":"closed","template":"gallery-template.php","meta":{"_acf_changed":false,"footnotes":""},"class_list":["post-7433","page","type-page","status-publish","has-post-thumbnail","hentry"],"acf":[],"_links":{"self":[{"href":"https:\/\/ramkool.edu.ee\/roostiku\/wp-json\/wp\/v2\/pages\/7433","targetHints":{"allow":["GET"]}}],"collection":[{"href":"https:\/\/ramkool.edu.ee\/roostiku\/wp-json\/wp\/v2\/pages"}],"about":[{"href":"https:\/\/ramkool.edu.ee\/roostiku\/wp-json\/wp\/v2\/types\/page"}],"author":[{"embeddable":true,"href":"https:\/\/ramkool.edu.ee\/roostiku\/wp-json\/wp\/v2\/users\/17"}],"replies":[{"embeddable":true,"href":"https:\/\/ramkool.edu.ee\/roostiku\/wp-json\/wp\/v2\/comments?post=7433"}],"version-history":[{"count":4,"href":"https:\/\/ramkool.edu.ee\/roostiku\/wp-json\/wp\/v2\/pages\/7433\/revisions"}],"predecessor-version":[{"id":7635,"href":"https:\/\/ramkool.edu.ee\/roostiku\/wp-json\/wp\/v2\/pages\/7433\/revisions\/7635"}],"up":[{"embeddable":true,"href":"https:\/\/ramkool.edu.ee\/roostiku\/wp-json\/wp\/v2\/pages\/5953"}],"wp:featuredmedia":[{"embeddable":true,"href":"https:\/\/ramkool.edu.ee\/roostiku\/wp-json\/wp\/v2\/media\/7442"}],"wp:attachment":[{"href":"https:\/\/ramkool.edu.ee\/roostiku\/wp-json\/wp\/v2\/media?parent=7433"}],"curies":[{"name":"wp","href":"https:\/\/api.w.org\/{rel}","templated":true}]}}