{"id":7660,"date":"2019-01-14T19:47:12","date_gmt":"2019-01-14T17:47:12","guid":{"rendered":"https:\/\/ramkool.edu.ee\/roostiku\/?page_id=7660"},"modified":"2019-01-14T19:47:12","modified_gmt":"2019-01-14T17:47:12","slug":"uue-aasta-esimene-koolipaev","status":"publish","type":"page","link":"https:\/\/ramkool.edu.ee\/roostiku\/pildialbum\/pildialbum\/uue-aasta-esimene-koolipaev\/","title":{"rendered":"Uue aasta esimene koolip\u00e4ev"},"content":{"rendered":"<p>Uut aastat alustasime Harjum\u00e4el uiskudel liueldes, uue aasta \u00f5nne valades ja sellest kirjutades. Meisterdasime vaprusehelmeid, et aidata lapsi, kes seda vajavad. R\u00f5\u00f5msalt ja hoolivalt &#8211; nii v\u00f5iks see aasta kulgeda. V\u00f5i mis teie arvate?<\/p>\n","protected":false},"excerpt":{"rendered":"<p>Uut aastat alustasime Harjum\u00e4el uiskudel liueldes, uue<\/p>\n","protected":false},"author":17,"featured_media":7683,"parent":5953,"menu_order":690,"comment_status":"closed","ping_status":"closed","template":"gallery-template.php","meta":{"_acf_changed":false,"footnotes":""},"class_list":["post-7660","page","type-page","status-publish","has-post-thumbnail","hentry"],"acf":[],"_links":{"self":[{"href":"https:\/\/ramkool.edu.ee\/roostiku\/wp-json\/wp\/v2\/pages\/7660","targetHints":{"allow":["GET"]}}],"collection":[{"href":"https:\/\/ramkool.edu.ee\/roostiku\/wp-json\/wp\/v2\/pages"}],"about":[{"href":"https:\/\/ramkool.edu.ee\/roostiku\/wp-json\/wp\/v2\/types\/page"}],"author":[{"embeddable":true,"href":"https:\/\/ramkool.edu.ee\/roostiku\/wp-json\/wp\/v2\/users\/17"}],"replies":[{"embeddable":true,"href":"https:\/\/ramkool.edu.ee\/roostiku\/wp-json\/wp\/v2\/comments?post=7660"}],"version-history":[{"count":1,"href":"https:\/\/ramkool.edu.ee\/roostiku\/wp-json\/wp\/v2\/pages\/7660\/revisions"}],"predecessor-version":[{"id":7769,"href":"https:\/\/ramkool.edu.ee\/roostiku\/wp-json\/wp\/v2\/pages\/7660\/revisions\/7769"}],"up":[{"embeddable":true,"href":"https:\/\/ramkool.edu.ee\/roostiku\/wp-json\/wp\/v2\/pages\/5953"}],"wp:featuredmedia":[{"embeddable":true,"href":"https:\/\/ramkool.edu.ee\/roostiku\/wp-json\/wp\/v2\/media\/7683"}],"wp:attachment":[{"href":"https:\/\/ramkool.edu.ee\/roostiku\/wp-json\/wp\/v2\/media?parent=7660"}],"curies":[{"name":"wp","href":"https:\/\/api.w.org\/{rel}","templated":true}]}}