{"id":8202,"date":"2019-02-24T16:43:32","date_gmt":"2019-02-24T14:43:32","guid":{"rendered":"https:\/\/ramkool.edu.ee\/roostiku\/?page_id=8202"},"modified":"2019-02-24T16:50:31","modified_gmt":"2019-02-24T14:50:31","slug":"suusamael","status":"publish","type":"page","link":"https:\/\/ramkool.edu.ee\/roostiku\/pildialbum\/pildialbum\/suusamael\/","title":{"rendered":"Suusam\u00e4el"},"content":{"rendered":"<p>Lumer\u00f5\u00f5mudest saime osa nii\u00a0suusam\u00e4el\u00a0kui ka\u00a0murdmaarajal. M\u00e4el pildistas \u00f5petaja Ingrid.<\/p>\n","protected":false},"excerpt":{"rendered":"<p>Lumer\u00f5\u00f5mudest saime osa nii\u00a0suusam\u00e4el\u00a0kui ka\u00a0murdmaarajal. M\u00e4el pildistas<\/p>\n","protected":false},"author":17,"featured_media":8149,"parent":5953,"menu_order":650,"comment_status":"closed","ping_status":"closed","template":"gallery-template.php","meta":{"_acf_changed":false,"footnotes":""},"class_list":["post-8202","page","type-page","status-publish","has-post-thumbnail","hentry"],"acf":[],"_links":{"self":[{"href":"https:\/\/ramkool.edu.ee\/roostiku\/wp-json\/wp\/v2\/pages\/8202","targetHints":{"allow":["GET"]}}],"collection":[{"href":"https:\/\/ramkool.edu.ee\/roostiku\/wp-json\/wp\/v2\/pages"}],"about":[{"href":"https:\/\/ramkool.edu.ee\/roostiku\/wp-json\/wp\/v2\/types\/page"}],"author":[{"embeddable":true,"href":"https:\/\/ramkool.edu.ee\/roostiku\/wp-json\/wp\/v2\/users\/17"}],"replies":[{"embeddable":true,"href":"https:\/\/ramkool.edu.ee\/roostiku\/wp-json\/wp\/v2\/comments?post=8202"}],"version-history":[{"count":3,"href":"https:\/\/ramkool.edu.ee\/roostiku\/wp-json\/wp\/v2\/pages\/8202\/revisions"}],"predecessor-version":[{"id":8339,"href":"https:\/\/ramkool.edu.ee\/roostiku\/wp-json\/wp\/v2\/pages\/8202\/revisions\/8339"}],"up":[{"embeddable":true,"href":"https:\/\/ramkool.edu.ee\/roostiku\/wp-json\/wp\/v2\/pages\/5953"}],"wp:featuredmedia":[{"embeddable":true,"href":"https:\/\/ramkool.edu.ee\/roostiku\/wp-json\/wp\/v2\/media\/8149"}],"wp:attachment":[{"href":"https:\/\/ramkool.edu.ee\/roostiku\/wp-json\/wp\/v2\/media?parent=8202"}],"curies":[{"name":"wp","href":"https:\/\/api.w.org\/{rel}","templated":true}]}}