{"id":8340,"date":"2019-02-25T11:20:18","date_gmt":"2019-02-25T09:20:18","guid":{"rendered":"https:\/\/ramkool.edu.ee\/roostiku\/?page_id=8340"},"modified":"2019-02-26T10:52:25","modified_gmt":"2019-02-26T08:52:25","slug":"ajalehed","status":"publish","type":"page","link":"https:\/\/ramkool.edu.ee\/roostiku\/omalooming\/ajalehed\/","title":{"rendered":"Ajalehed"},"content":{"rendered":"<p>3. perioodil hakkasime ajakirjanikeks. Uurisime, kuidas erinevaid ajakirjanduse tekste kirjutada, koostasime juhendid, saime toimetustes kokku ja jagasime \u00fclesanded. Kui uudised ja muud tekstid kirjutatud, panime ajalehed kokku ja andsime tr\u00fckki. Roostiku koolimajas ilmus viis ajalehte: Roostiku R\u00e4nnumees, Roostiku Post, Roostiku Postipoiss, kaks Roostiku P\u00e4evlehte. Lisaks tegid meile kaast\u00f6\u00f6d ajakirjanikud Rootsist ja Hispaaniast. Nende artiklid koonduvad ajalehte Roostiku V\u00e4lisilm. Vanalinnas erinevaid muuseume k\u00fclastades ilmus ajaleht Roostiku Ekspress. Paberkandjal saate ajalehtedega tutvuda Roostiku koolimajas. M\u00f5ned artiklid leiavad kajastamist ka meie kodukal. Head lugemist!<\/p>\n","protected":false},"excerpt":{"rendered":"<p>3. perioodil hakkasime ajakirjanikeks. Uurisime, kuidas erinevaid<\/p>\n","protected":false},"author":17,"featured_media":8065,"parent":2754,"menu_order":910,"comment_status":"closed","ping_status":"closed","template":"gallery-template.php","meta":{"_acf_changed":false,"footnotes":""},"class_list":["post-8340","page","type-page","status-publish","has-post-thumbnail","hentry"],"acf":[],"_links":{"self":[{"href":"https:\/\/ramkool.edu.ee\/roostiku\/wp-json\/wp\/v2\/pages\/8340","targetHints":{"allow":["GET"]}}],"collection":[{"href":"https:\/\/ramkool.edu.ee\/roostiku\/wp-json\/wp\/v2\/pages"}],"about":[{"href":"https:\/\/ramkool.edu.ee\/roostiku\/wp-json\/wp\/v2\/types\/page"}],"author":[{"embeddable":true,"href":"https:\/\/ramkool.edu.ee\/roostiku\/wp-json\/wp\/v2\/users\/17"}],"replies":[{"embeddable":true,"href":"https:\/\/ramkool.edu.ee\/roostiku\/wp-json\/wp\/v2\/comments?post=8340"}],"version-history":[{"count":6,"href":"https:\/\/ramkool.edu.ee\/roostiku\/wp-json\/wp\/v2\/pages\/8340\/revisions"}],"predecessor-version":[{"id":8401,"href":"https:\/\/ramkool.edu.ee\/roostiku\/wp-json\/wp\/v2\/pages\/8340\/revisions\/8401"}],"up":[{"embeddable":true,"href":"https:\/\/ramkool.edu.ee\/roostiku\/wp-json\/wp\/v2\/pages\/2754"}],"wp:featuredmedia":[{"embeddable":true,"href":"https:\/\/ramkool.edu.ee\/roostiku\/wp-json\/wp\/v2\/media\/8065"}],"wp:attachment":[{"href":"https:\/\/ramkool.edu.ee\/roostiku\/wp-json\/wp\/v2\/media?parent=8340"}],"curies":[{"name":"wp","href":"https:\/\/api.w.org\/{rel}","templated":true}]}}