{"id":8359,"date":"2019-02-25T12:38:05","date_gmt":"2019-02-25T10:38:05","guid":{"rendered":"https:\/\/ramkool.edu.ee\/roostiku\/?page_id=8359"},"modified":"2022-11-20T21:30:38","modified_gmt":"2022-11-20T19:30:38","slug":"roostiku-post","status":"publish","type":"page","link":"https:\/\/ramkool.edu.ee\/roostiku\/omalooming\/ajalehed\/roostiku-post\/","title":{"rendered":"Roostiku Post"},"content":{"rendered":"<p>&nbsp;<\/p>\n<p><img loading=\"lazy\" decoding=\"async\" class=\"aligncenter\" src=\"https:\/\/ramkool.edu.ee\/roostiku\/wp-content\/uploads\/sites\/11\/2019\/02\/MG_7484-1-564x640.jpg\" alt=\"\" width=\"290\" height=\"329\" \/>Peatoimetajad: Patricia ja Sebastian<\/p>\n<p>Kujundaja: Steivi<\/p>\n<p>Reporterid: Gerda, Iris, Ralf, Martin, Marie Lee, Lisanna<\/p>\n<p style=\"text-align: right\" align=\"LEFT\"><strong>Armas Eesti!<\/strong><\/p>\n<p style=\"text-align: right\" align=\"LEFT\">Palju, palju \u00f5nne 101. s\u00fcnnip\u00e4eva puhul.<\/p>\n<p style=\"text-align: right\" align=\"LEFT\">Soovib Roostiku kool<\/p>\n<p style=\"text-align: right\">24.02.2019<\/p>\n<p><strong>KULTUUR<\/strong><\/p>\n<p><b>Mida arvab Hendrik Sal-Saller Eesti muusikast?<\/b><\/p>\n<p><b>Hendrik Sal-Saller on tuntud lauljana b\u00e4ndis Smilers, kust t\u00e4nap\u00e4eva elektroonilist muusikat ei leidu. Meie k\u00fcsisime temalt, mida ta l\u00f5ppude l\u00f5puks sellest muusikastiilist arvab.<\/b><\/p>\n<p><b>Mida arvate t\u00e4nap\u00e4eva elektroonilisest <\/b><b>muusikast?<\/b><\/p>\n<p>Ma ei saa t\u00e4nap\u00e4eva muusikast midagi arvata, sest ma ei tea sellest midagi. Ma ei kuula sellist muusikat ja kui see kuskil m\u00e4ngib, lasen selle \u00fchest k\u00f5rvast sisse ja teisest v\u00e4lja. See lihtsalt ei huvita mind. Maailmas on nii palju erinevaid, p\u00f5nevaid asju, mis mind huvitavad, nii et ma ei raiska aega asjade peale, mis mind ei huvita.<\/p>\n<p><b>\u00a0<\/b><b>Milline praegune Eesti ansambel\/laulja peale <\/b><b>Smilersi meeldib Teile k\u00f5ige rohkem?<\/b><\/p>\n<p>Robert Linna ja tema erinevad b\u00e4ndid (Kuradi Saar, Elephants from Neptune).<\/p>\n<p><b>Kuidas hindate seda ansamblit\/lauljat?<\/b><\/p>\n<p>Ta on p\u00f5nev, oman\u00e4oline ja lisaks musikaalsusele on temas see tabamatu miski, mis \u00fches artistis peab olema (Linna).<\/p>\n<p><b>Milline on selle ansambli\/laulja parim <\/b><b>lugu?<\/b><\/p>\n<p>Ma ei tahaks \u00fchte eraldi v\u00e4lja tuua, aga hetkel meeldib mulle Kuradi Saare \u201cValel on kaunid jalad\u201d.<\/p>\n<p><b>Mis Te arvate, kas kunagi tuleb <\/b><b>rokiajastu tagasi, nagu 60- ja <\/b><b>70ndatel aastatel?<\/b><\/p>\n<p>Ma arvan, et kunagi ikka tuleb, sest popkultuuris k\u00e4ib asi alati teatud ringipidi.<\/p>\n<p><b>Kui jah, siis kuidas ja l\u00e4bi kelle?<\/b><\/p>\n<p>Ennustamisega ma ei oska tegeleda, t\u00f5en\u00e4oliselt selle b\u00e4ndi liikmed alles s\u00fcnnivad. See s\u00f5ltub paljudest asjaoludest, aga see peab k\u00f5netama sellel hetkel selle j\u00e4rgi janunevat p\u00f5lvkonda.<\/p>\n<p><b>Kui elektrooniline muusika l\u00e4hiajal <\/b><b>ka k\u00f5ik rokihuvilised enda poole v\u00f5idab, <\/b><b>kavatsete te hakata ka sellist muusikat <\/b><b>tootma hakata?<\/b><\/p>\n<p>Ei kavatse. Smilers m\u00e4ngib just sellist muusikat nagu ta tahab ja ei jookse moevooludega kaasa, k\u00fcllap meile ka m\u00f5ni kuulaja jagub.<\/p>\n<p><b>L\u00f5petuseks &#8211; kas Eesti praegustest muusikutest <\/b><b>v\u00f5ib saada ka v\u00e4lismaal suur asi?<\/b><\/p>\n<p>Alati v\u00f5ib saada, aga v\u00e4ga palju on kinni juhusest. \u00dcldjuhul siia meile keegi j\u00e4rgi ei tule. Eestis oodata, et keegi su v\u00e4lismaale viib on m\u00f5ttetu. Kui sa tahad v\u00e4lismaal l\u00e4bi l\u00fc\u00fca, pead sa sinna ise kohale minema.<\/p>\n<p><em>Intervjuu koostanud \u00a0<b>Sebastian\u00a0<\/b><\/em><\/p>\n<p><b>Arvustus: <\/b><b>Miks on Eestis hea elada?<\/b><\/p>\n<p>Kunagi oled v\u00f5ib-olla m\u00f5elnud: \u201eMiks pidin ma just Eestisse s\u00fcndima, mitte kuhugi mujale? \u201c Tegelikult on Eestisse s\u00fcndimine mitte halb vaid pigem nagu lotov\u00f5idu sarnane. Esiteks on Eestis k\u00f5ik eluks vajalik olemas: elekter, k\u00fcte, toit, vesi, internet, transport, koolid jne. Paljudes riikides pole inimestel s\u00fc\u00fca ega juua. Lapsed ei saa koolis k\u00e4ia, et haridust omandada ja peavarjust r\u00e4\u00e4kimata. Iga p\u00e4ev virisetakse t\u00fchjade asjade p\u00e4rast, m\u00f5istmata, et tegelikult on k\u00f5ik h\u00e4sti. Samal ajal aga on v\u00e4ga palju inimesi n\u00e4ljas, sest neil lihtsalt pole toitu v\u00f5i raha selle ostmiseks. Eestis on selline mure suhteliselt harv. Me peaksime olema r\u00f5\u00f5msad ja t\u00e4nulikud selle \u00fcle mis meil on. Meele teeb kurvaks, et tihti inimesed ei oska hinnata seda, mis neil on vaid m\u00f5eldakse rohkem sellele, mida ei ole. Me elame imelises kohas: meil on neli aastaaega, mis on k\u00f5ik v\u00e4ga ilusad. Paljudes riikides on aastaringselt samasugune ilm. Meil on puhas \u00f5hk, mida hingata. Paljudes suurlinnades ei olegi puhast \u00f5hku kuna tossavad tehased ja autod on selle reostanud. Meil on palju metsi ja randu. On inimesi, kes terve elu on unistanud, et merd n\u00e4ha. Eesti on vabariik, mis t\u00e4hendab et meil on v\u00f5imalus minna ja tulla ja v\u00e4ljendada seda mis hingel &#8211; mitte v\u00e4ga kaua aega tagasi seda v\u00f5imalust veel ei olnud. Kurb on see, et inimesed ei oska seda k\u00f5ike hinnata mis meil Eestis olemas on. Kas t\u00f5esti peab k\u00f5igest ilma j\u00e4\u00e4ma, et seda m\u00f5ista?<\/p>\n<p><em>Autor: Steivi, 5r<\/em><\/p>\n<p><strong>SPORT<\/strong><\/p>\n<p><b>Eesti esimene vigursuusatamise maailmameister <\/b><b>Kelly Sildaru <\/b><\/p>\n<p>Vahetult enne vabariigi 101. s\u00fcnnip\u00e4eva tegi Kelly Sildaru kodumaale kingituse ja t\u00f5i Eestile t\u00e4iskasvanute maailmameistriv\u00f5istlustelt kuldmedali.<\/p>\n<p>Kes on Kelly Sildaru?<\/p>\n<p>Kelly Sildaru on Eesti vigursuusataja, kellel on juba juunioride maailmameistriv\u00f5istlustelt 4 kuldmedalit ja 1 h\u00f5bemedal. Ta tegeleb nii pargis\u00f5idu kui ka rennis\u00f5iduga ja Big Airiga. Kelly Sildaru s\u00fcndis 17. veebruaril 2002. aastal ja elab Tallinnas. Ta alustas suusatamist oma jutu j\u00e4rgi umbes kaheaastaselt ja tema treener on tema isa T\u00f5nis Sildaru. Ta on saanud kolmel korral parimaks aasta noorsportlaseks ja ta on saanud Eesti Vabariigi spordi aastapreemia ning ta on saanud aasta parimaks sportlikuks meelelahutajaks. Kelly Sildaru noorem vend Henry on samuti tegelenud vigursuusatamisega ning koos esinesid nad 2014 noortefilmis &#8220;Love Life Movie&#8221; ja nende auks on tehtud kohukesed KellyBar ja HenryBar. Kelly \u00f5pib Tallinna Saksa G\u00fcmnaasiumis.<\/p>\n<p>K\u00fcsisime Kellylt, et kui noorelt ta v\u00f5istlema hakkas ja selgus, et \u00a0ta hakkas osalema v\u00f5istlustel 13-aastaseltaga suurv\u00f5istlustele nii noori ei lubata ning sinna pidi olema kutse. Kahjuks suurv\u00f5istlustele tal kutset siis veel polnud. K\u00fcsisime Kellylt tema saavutuste kohta ja medaleid on t\u00f5esti palju, arvestades seda, et ta on alles 16-aastane. Kokku on Kelly v\u00f5itnud 11 kuldmedalit, 4 h\u00f5bemedalit ja 1 pronksmedali. Need k\u00f5ik on ta saadud ajavahemikul 2015-2019 ehk siis 4 aasta jooksul.T\u00e4name Kellyt selle ilusa kingituse eest Eestile ja soovime talle edu ning veel palju, palju medaleid ka tulevikus.<\/p>\n<p><em>Selle loo on \u00fcles kirjutanud Patricia Ainsam.<\/em><\/p>\n<p><b>Tenniselaager<\/b><\/p>\n<p>Mia K\u00f5pper l\u00e4ks Roostiku koolist kaugele Haapsalusse tenniselaagrisse, mis toimus 7.-10. veebruaril. Laagris harjutati servimist, tegeleti j\u00f5utreenigutega, m\u00e4ngiti rahvastepalli ning ukakat. P\u00e4evakava oli karm. Hommik algas 7.50 ja siis l\u00e4ksid nad s\u00f6\u00f6ma. Peale s\u00f6\u00f6ki hakkas treening, mis kestis umbes 12.00. J\u00e4rgnes l\u00f5unas\u00f6\u00f6k ja v\u00e4ike paus. Peale pausi alustati taas treeningutega. P\u00e4ev l\u00f5ppes pool \u00fcheksa \u00fchise telekavaatamise ning m\u00f6llamisega. Mia saabus laagrist tagasi v\u00e4sinud, kuid r\u00f5\u00f5msana. Mia lihased valutasid peale laagrit kolm p\u00e4eva. Vaatamata lihasvalule soovitab Mia k\u00f5ikidele: Tehke k\u00f5ik sporti!<\/p>\n<p><em>Toimetas Iris\u00a0<\/em><\/p>\n<p><strong>Tallinna Kalevi jalgpallur lahkub v\u00e4ljakult kohutavates valud<\/strong><strong>es<i>\u00a0\u00a0\u00a0<\/i><\/strong><\/p>\n<p><b>15. jaanuaril toimus Roostiku Arena murul Tallinna Kalevi jaoks \u0161okeeriv juhtum.<\/b><\/p>\n<p>Nimelt oli m\u00e4ng kestnud umbes 20 minutit, kui Roostiku FC m\u00e4ngija <b>Raul <\/b>\u00fcritas palli v\u00f5ita, kuid tabas Tallinna Kalevi <b>Sebastiani <\/b>p\u00f5lve, vahendab Roostiku Niuuvs.<\/p>\n<p>\u201cMa andsin Raulile kollase kaardi, sest see viga polnud k\u00f5ige hullem, k\u00fcll aga saatuslik,\u201d mainis selle p\u00e4eva peakohtunik Gert Georg.<\/p>\n<p>Peale m\u00e4ngu toimunud pressikonverentsil mainis sel hetkel Roostikku juhendanud Airi Neem, et viga oli ning rohkem ta olukorda ei kommenteeri.<\/p>\n<p>RKJK (Roostiku Kooli Jalgpallikomisjon) s\u00f5nas, et Raulile hetkel veel t\u00f5sisemat karistust ei anta, kuid kollane kaart j\u00e4\u00e4b talle alla veel korduskohtumiseksgi.<\/p>\n<p>RKJK juhatuse esimees Kaja Komissarov: \u201cMa v\u00e4ga loodan, et selline juhtum ei kordu, kui aga kordub, tuleb midagi ette v\u00f5tta\u201d.<\/p>\n<p>Vigastuse tagaj\u00e4rjel pole v\u00f5imalik Sebastianit kasutada kuni 6. veebruarini. Tallinna Kalevi \u00f5nneks algab BFA Vilnius Cup 7. veebruaril, nii et meeskonda nimetatud poolkaitsja saab Vilniuses m\u00e4ngida.<\/p>\n<p><em>Uudise kirjutanud \u00a0<b>Saamuel Sel-Seller<\/b><\/em><\/p>\n<p><strong>LOODUS<\/strong><br \/>\n<b><\/b><\/p>\n<p align=\"LEFT\"><strong>Roostiku kooli \u00f5petaja Silja n\u00e4gi oravat<\/strong><\/p>\n<p align=\"LEFT\">Roostiku kooli \u00f5petaja Silja n\u00e4gi Kadrioru pargis v\u00e4ikest oran\u017ei oravat. Orav ehmatas sellep\u00e4rast, et ta kartis. Ta pole kunagi inimest n\u00e4inud. Ta ei l\u00e4inud \u00e4ra, sest ta oli\u00a0julge. Ta tuli hoopis Silja juurde ja Silja andis talle p\u00e4hklit ja orav viis selle kohe oma koju. Ta kodu oli suure puu otsas. See puu oli k\u00f5ige ilusam puu. Silja \u00fctles selle peale, et orava lemmiks\u00f6\u00f6k on p\u00e4hkel.<\/p>\n<p align=\"LEFT\"><em>Gerda Maribel\u00a0<\/em><\/p>\n<p><b>UUDIS: Kevad ei ole enam kaugel<\/b><\/p>\n<p>P\u00e4evad on muutunud juba valgemaks ja kuulda on vidistavaid linnukesi. Tallinnas on n\u00e4htud ka esimesi lumikellukesi, kes oma pead on lumest v\u00e4lja pistnud. Tuleb vaid loota, et vastlas\u00f5idud ikka tehtud saaks.<\/p>\n<p><em>Autor: \u00a0Patricia\u00a0<\/em><\/p>\n<p><strong>KRIMI<\/strong><\/p>\n<p><b>Kadunud kelgum\u00e4gi: Roostiku kooli juures <\/b><b>kadus m\u00e4gi \u00e4ra.<\/b><\/p>\n<p>\u00dchel talvehommikul kui Roostiku kooli lapsed s\u00f6\u00f6gipausi ajal \u00f5ue l\u00e4ksid, n\u00e4gid nad, kuidas kelgum\u00e4gi \u00f5hku haihtus. Hetk tagasi oli m\u00e4gi alles. Lapsed ja \u00f5petajad vaatasid k\u00f5ik suud lahti kohta, kus kelgum\u00e4gi hetk tagasi oli. K\u00f5ik vaatasid kogu p\u00e4eva jooksul seda kohta, aga m\u00e4ge nad ei n\u00e4inud. M\u00f6\u00f6dus kaks kuud, k\u00e4tte oli j\u00f5udnud Eesti Vabariigi s\u00fcnnip\u00e4ev. M\u00e4ge polnud ikka n\u00e4ha. M\u00e4gi oleks nagu n\u00e4htamatu v\u00f5i olid m\u00f5ned tulnukad selle m\u00e4e \u00e4ra v\u00f5tnud. Aga see pole v\u00e4ga loogiline. Teadlased uurisid, kuidas m\u00e4gi lihtsalt \u00f5hku haihtus. Teadlased \u00a0r\u00e4\u00e4kisid, et sellist asja ei ole v\u00f5imalik teha, kuna sellist relva ega ainet pole veel leiutatud. \u00a0Kogu m\u00e4gi oli \u00fches t\u00fckis \u00f5hku haihtunud. Teadlaste uuringul oli keegi tulnuka-laadne tegelane nimega PIKU PAKA \u00a0m\u00e4e \u00e4ra kaotanud. Ehk endale v\u00f5tnud. T\u00e4naseks on selgunud, et tulnukas PIKU PAKA oli m\u00e4e kogemata n\u00e4htamatuks muutnud, \u00a0aga ta ei osanud seda n\u00e4htavaks muuta. N\u00fc\u00fcdseks on PIKU PAKA aine leiutanud, millega saab m\u00e4e n\u00e4htavaks teha. K\u00f5ik olid \u00a0v\u00e4ga r\u00f5\u00f5msad, kui PIKU PAKA m\u00e4e tagasi muutis. PIKU PAKA vabandas, et ta m\u00e4e n\u00e4htamatuks tegi. Roostiku kooli lapsed \u00a0ja \u00f5petajad v\u00f5tsid vabanduse vastu ja k\u00f5ik on j\u00e4lle r\u00f5\u00f5msad.<\/p>\n<p><em>Toimetaja Marie Lee<\/em><\/p>\n<p><b>Uudis: <\/b><b>Vargus<\/b><\/p>\n<p>T\u00e4na hommikul kell 10:35 teatasid Kalle ja Malle politseisse kuna nendelt oli kartul varastatud. Politsei otsib veel varast. Kui te m\u00e4rkate kedagi kahtlast kartuliga, palun teatage politseisse.<\/p>\n<p><em>Steivi, 5r<\/em><\/p>\n<p><strong><span style=\"line-height: 107%;font-family: 'Malgun Gothic',sans-serif;font-size: 16pt\"><span style=\"color: #000000\">UFOde r\u00fcnnak<\/span><\/span><\/strong><\/p>\n<p><span style=\"color: #000000\"><span style=\"line-height: 107%;font-family: 'Malgun Gothic',sans-serif;font-size: 12pt\">P\u00fchap\u00e4eval kell 00.00 r\u00fcndasid Mustam\u00e4e keskust ufod. Ja selle tagaj\u00e4rjel lennutasid UFOd Mustam\u00e4e keskuse oma laevaga minema.<\/span> <\/span><\/p>\n<p><em><span style=\"line-height: 107%;font-family: 'Malgun Gothic',sans-serif;font-size: 10pt\"><span style=\"color: #000000\">Ralf\u00a0<\/span><\/span><\/em><\/p>\n<p><strong>Eesti mets l\u00e4ks p\u00f5lema<\/strong><\/p>\n<p>Laup\u00e4eval, 7. veebruaril l\u00e4ks inimene metsa looma tapma, et s\u00fc\u00fca saada. Inimene tappis \u00fche p\u00f5dra. Inimene n\u00e4gi, et p\u00f5dra sees on k\u00f5ik must. Inimene l\u00e4ks koju. Hakkas vihma sadama ja v\u00e4lku l\u00f6\u00f6ma. V\u00e4lk tabas surnud p\u00f5tra. P\u00f5der hakkas p\u00f5lema. L\u00f5puks l\u00e4ks terve mets p\u00f5lema. Inimese maja oli metsa juures ja l\u00e4ks ka p\u00f5lema. Inimene jooksis majast v\u00e4lja ja sai trahvi, et pani metsa p\u00f5lema.<\/p>\n<p><em>Martin\u00a0<\/em><\/p>\n<p><strong>SKANDAAL \u00a0BUSSIS: Kajakas \u00fcritas lapsi r\u00f6\u00f6vida?!<\/strong><\/p>\n<p>Eile kell 13:37 lendas Viljandisse s\u00f5itva bussi aknast sisse kajakas ning \u00fcritas lapsi kohvrisse toppida. Lapsed k\u00fcll \u00fcritasid vastu rabeleda, aga kajakas l\u00f5i neile vastu kanda, vahendab Delfi. Kajakas otsustati l\u00f5puks kolmeks kuuks vangi panna, kuigi tema advokaat M. Etshani tema s\u00fc\u00fcd eitada \u00fcritas. K\u00e4tte saadi ta aga imelikul moel, nimelt kukkus ta kohvri raskuse t\u00f5ttu taevast alla.<\/p>\n<p>S\u00fc\u00fcalune P. A. Hakajakas<\/p>\n<p><em>Sebastian\u00a0<\/em><\/p>\n<p><strong>PUHKUS<\/strong><\/p>\n<p><strong>Eestlased on avastamas P\u00f5hja-Soome suusakeskuseid<\/strong><\/p>\n<p>T\u00e4nu heale lennu\u00fchendusele on eestlaste seas muutunud populaarseks suusapuhkuse veetmine Lapimaal. N\u00e4iteks Ruka, \u00fcks paljudest P\u00f5hja-Soome suusakeskustest, asub polaarjoone l\u00e4hedal ja seal on talvel alati palju lund. V\u00f5ib kindel olla, et avatud on peaaegu k\u00f5ik n\u00f5lvad ja ei pea kartma, et seal oleks lumepuudus. Ruka sobib h\u00e4sti ka lastega peredele, kuna lastele leidub seal palju tegevust. N\u00e4iteks Rosa ja Rudolfi perepark \u00f5ppen\u00f5lvade ja tuubirajaga. Lisaks on v\u00f5imalik vaadata ja katsuda p\u00f5hjap\u00f5tru ning neile s\u00fc\u00fca anda. Lapimaa on talvel v\u00e4ga ilus ja suusapuhkuseks loodud.<\/p>\n<p>Eesti suusaturist Lisanna<\/p>\n","protected":false},"excerpt":{"rendered":"<p>&nbsp; Peatoimetajad: Patricia ja Sebastian Kujundaja: Steivi<\/p>\n","protected":false},"author":17,"featured_media":8063,"parent":8340,"menu_order":980,"comment_status":"closed","ping_status":"closed","template":"gallery-template.php","meta":{"_acf_changed":false,"footnotes":""},"class_list":["post-8359","page","type-page","status-publish","has-post-thumbnail","hentry"],"acf":[],"_links":{"self":[{"href":"https:\/\/ramkool.edu.ee\/roostiku\/wp-json\/wp\/v2\/pages\/8359","targetHints":{"allow":["GET"]}}],"collection":[{"href":"https:\/\/ramkool.edu.ee\/roostiku\/wp-json\/wp\/v2\/pages"}],"about":[{"href":"https:\/\/ramkool.edu.ee\/roostiku\/wp-json\/wp\/v2\/types\/page"}],"author":[{"embeddable":true,"href":"https:\/\/ramkool.edu.ee\/roostiku\/wp-json\/wp\/v2\/users\/17"}],"replies":[{"embeddable":true,"href":"https:\/\/ramkool.edu.ee\/roostiku\/wp-json\/wp\/v2\/comments?post=8359"}],"version-history":[{"count":7,"href":"https:\/\/ramkool.edu.ee\/roostiku\/wp-json\/wp\/v2\/pages\/8359\/revisions"}],"predecessor-version":[{"id":19426,"href":"https:\/\/ramkool.edu.ee\/roostiku\/wp-json\/wp\/v2\/pages\/8359\/revisions\/19426"}],"up":[{"embeddable":true,"href":"https:\/\/ramkool.edu.ee\/roostiku\/wp-json\/wp\/v2\/pages\/8340"}],"wp:featuredmedia":[{"embeddable":true,"href":"https:\/\/ramkool.edu.ee\/roostiku\/wp-json\/wp\/v2\/media\/8063"}],"wp:attachment":[{"href":"https:\/\/ramkool.edu.ee\/roostiku\/wp-json\/wp\/v2\/media?parent=8359"}],"curies":[{"name":"wp","href":"https:\/\/api.w.org\/{rel}","templated":true}]}}