{"id":8365,"date":"2019-02-25T17:15:13","date_gmt":"2019-02-25T15:15:13","guid":{"rendered":"https:\/\/ramkool.edu.ee\/roostiku\/?page_id=8365"},"modified":"2022-11-20T21:27:26","modified_gmt":"2022-11-20T19:27:26","slug":"roostiku-paevaleht","status":"publish","type":"page","link":"https:\/\/ramkool.edu.ee\/roostiku\/omalooming\/ajalehed\/roostiku-paevaleht\/","title":{"rendered":"Roostiku P\u00e4evaleht"},"content":{"rendered":"<p><img loading=\"lazy\" decoding=\"async\" class=\"aligncenter\" src=\"https:\/\/ramkool.edu.ee\/roostiku\/wp-content\/uploads\/sites\/11\/2019\/02\/MG_7491-1.jpg\" width=\"399\" height=\"320\" \/>Peatoimetaja: Anna<\/p>\n<p>Toimetajad: Saskia, Sophia, Bertha, Meribel, Richard, Linda, Marie, Isabel<\/p>\n<p style=\"text-align: right\" align=\"LEFT\"><strong>Kallis Eesti Vabariik!<\/strong><\/p>\n<p style=\"text-align: right\" align=\"LEFT\">Palju, palju \u00f5nne Eesti s\u00fcnnip\u00e4evaks!<\/p>\n<p style=\"text-align: right\">Soovib Meribel oma perega<\/p>\n<p><strong>UUDISED<\/strong><\/p>\n<p><strong>Paksu mehe m\u00f5rv<\/strong><\/p>\n<p>Toimetaja Anna<\/p>\n<p>Eile \u00f6\u00f6sel kell 02.00 m\u00f5rvati \u00fcks \u00a0paks mees, kes s\u00f5i enda kodus parasjagu pitsat.Talle oli k\u00f5htu l\u00f6\u00f6dud nuga ning maas oli palju verd. Kuna maja oli segamini ja mehel oli rahakott t\u00fchi, arvas politsei, et enne m\u00f5rva oli mehel ka varas k\u00e4inud. Varas on juba oma vangikongis, aga m\u00f5rvarit veel otsitakse. Kui te n\u00e4ete t\u00e4naval kedagi veidrat, siis teatage palun otsekoheselt politseisse. Politsei soovitab k\u00f5igil mitte kahtlastes t\u00e4navanurkades viibida, sest see m\u00f5rvar on OHTLIK.<\/p>\n<p align=\"LEFT\"><strong>Roostiku kooli \u00f5pilased n\u00e4gid oravat<\/strong><\/p>\n<p align=\"LEFT\">Toimetaja Meribel<\/p>\n<p align=\"LEFT\">See juhtus veebruarikuus, kui Roostiku kooli \u00f5pilased oravat n\u00e4gid. Eelmisel reedel l\u00e4ksid Roostiku kooli \u00f5pilased koos \u00f5petaja Ingridiga suusatama. Roostiku kooli \u00f5pilased n\u00e4gid oravat. See juhtus N\u00f5mme metsas kell 12.10. Orav otsis s\u00fc\u00fca. Orava kodu oli k\u00f5ige k\u00f5rgema puu otsas.<\/p>\n<p><strong>Kanakari p\u00f5hjustab Mustvees avarii<\/strong><\/p>\n<p>Reporter: Saskia<\/p>\n<p>Mustvees toimus 14.02.2019 varahommikul avarii, mille p\u00f5hjustas 77- liikmeline kanakari, kes jooksis teele. Kanakari oli p\u00e4rit J\u00f5geva v\u00e4ikesest farmist. Kanad p\u00e4\u00e4sesid v\u00e4lja, sest aia sees oli auk, mille nad olid nokkadega teinud. Teel p\u00f5rkasid kokku hobuse- ja eeslikaarik. Kokkup\u00f5rge toimus, sest hobune ehmus ja t\u00f5usis tagumistele kapjadele, mist\u00f5ttu eesel l\u00e4ks n\u00e4rvi ja perutas hobusekaarikule otsa. Vigastada ei saanud keegi, v\u00e4lja arvatud v\u00e4rske piim klaaspudelis, mis oli p\u00e4rit sellest samast farmist, kus kanadki. Kaarikute juhid olid imestanud, et kanad olid karjakesi teele sattunud. Politsei oli kogu olukorra suhtes n\u00f5utu, kuna nad ei teadnud, \u00a0kas ja kellele trahvi teha. Politsei s\u00f5nul polnud keegi midagi sellist kunagi n\u00e4inud. Rahvas oli juhtunust samuti vaimustunud ja otsustas enda aiad \u00fcle vaadata, et loomad v\u00e4lja ei p\u00e4\u00e4seks.<\/p>\n<p><strong>Uus lillesort<\/strong><\/p>\n<p>Teadlased avastasid uue lille liigi Leegunia. See avastati 5. mail. Lillel on punakad ja sinakad \u00f5ied ja see l\u00f5hnab apelsini j\u00e4rgi. haruldane lill leiti salumetsast. Uus lillesort kasvab tavaliselt niisketel ja mullastel aladel. Kui keegi avastab, kus v\u00f5ib kasvada neid haruldasi lilli, palun v\u00f5tke \u00fchendust numbriga 512345678.<\/p>\n<p>&nbsp;<\/p>\n<p><b>Eriline talvituja \u00a0\u00a0<\/b><\/p>\n<p>Toimetaja Linda<\/p>\n<p>2018. ja 2019. aasta talve elas \u00fcle \u00fcks hallhaigur Tiskreojal. Hallhaigrud on r\u00e4ndlinnud, talveks lendavad nad soojale maale toitu otsima. See konkreetne tegelane j\u00e4i aga \u00a0kummalisel moel Eestisse. \u00d5nneks pole Eesti talved nii k\u00fclmad ja ojad on j\u00e4\u00e4st vabad. Hallhaigur ilmus 7. veebruaril uuesti Tiskreojal v\u00e4lja. Tiskre elanikud k\u00e4ivad teda uudistamas. Loodame temaga kohtuda ka 2020. aastal.<\/p>\n<p><span style=\"line-height: 107%;font-family: 'Times New Roman',serif;font-size: 24pt\"><span style=\"color: #000000\">Punased \u00f5unad<\/span><\/span><\/p>\n<p><span style=\"line-height: 107%;font-family: 'Times New Roman',serif;font-size: 12pt\"><span style=\"color: #000000\">Isabel\u00a0<\/span><\/span><\/p>\n<p><span style=\"line-height: 107%;font-family: 'Times New Roman',serif;font-size: 12pt\"><span style=\"color: #000000\">\u00dchel l\u00f5unal vaatas rebane Roostiku kooli aknast sisse. Rebane vaatas lapsi n\u00e4ljase n\u00e4oga. Lapsed olid r\u00f5\u00f5msad, et rebane tuli kooli k\u00fclastama. J\u00e4rsku ilmus nurga tagant v\u00e4lja hiir. Rebane h\u00fcppas hiirele kaela, nii et hiir ei n\u00e4inud. Rebane vaatas aknast sisse ja m\u00e4rkas aknalaual olevaid suuri punaseid \u00f5unu. \u00dcht\u00e4kki meenus rebasele, et ta on ju hea rebane ja vegan. Ja nii saigi rebane endale uue s\u00f5bra Miki-Hiire.<\/span><\/span><\/p>\n<p><strong>PORTREELUGU. <\/strong><strong>Kuulus kirjanik J.K.Rowling<\/strong><\/p>\n<p>J.K.Rowling on populaarse raamatusarja Harry Potter looja. J.K.Rowling on s\u00fcndinud Inglismaal 31. juuli 1965. Teda loetakse \u00fcheks rikkamaks kirjanikuks. J.K.Rowling \u00fctles, et Hermione \u00a0tegelaskuju on karikatuur temast endast 11-aastasena. \u201cHarry Potter ja tarkade kivi\u201d k\u00e4sikiri valmis 1995. aastaks. Raamatut pakuti kaheteistk\u00fcmnele \u00a0kirjastajale, kuid k\u00f5ik keeldusid. Aasta hiljem avanes Rowlingule roheline tuli, kui Londonis asuva v\u00e4ikese kirjastuse toimetaja otsustas raamatu avaldada. \u201cHarry Potter ja tarkade kivi\u201d \u00a0on selline raamat, et kui sa seda loed, satuksid sa justkui ise sinna maailma. Minule meeldib see raamat, sest mulle meeldib v\u00f5luj\u00f5ud ja fantaasiaraamatud . Mina soovitaks \u201cHarry Potter ja tarkade kivi\u201d raamatut lugeda sellistele lastele kes tahavad lugeda fantaasiast ja v\u00f5luj\u00f5ust. N\u00fc\u00fcdseks on poes m\u00fc\u00fcgil 8 Harry Potteri raamatut ja praeguseks on raamatusarjadest valminud 8 fimi. Harry Potteri tegelaskuju\u00a0m\u00e4ngis noor inglise n\u00e4itleja Daniel Radcliffe.Harry Potteri s\u00f5pru Hermionet ja Roni kehastasid Emma Watson ja Rupert Grint. T\u00e4naseks on raamatud v\u00e4ga kuulsaks saanud.<\/p>\n<p><strong>ARVUSTUS: Rachel Renee Russell\u00a0LUUSERI P\u00c4EVIK<\/strong><\/p>\n<p>Toimetaja Sophia<\/p>\n<p>K\u00f5ndisin Apollo raamatupoes ringi, aga \u00e4kki n\u00e4gin raamatut, mis tundus huvitav. V\u00f5tsin raamatu k\u00e4tte ja vaatasin kaant, n\u00e4gin, et see raamat r\u00e4\u00e4gib p\u00e4eviku pidamisest. Ma ise pean ka p\u00e4evikut, seet\u00f5ttu otsustasin \u00a0selle raamatu osta. Koju j\u00f5udes hakkasin raamatut kohe \u00a0lugema. Juba esimesed read olid p\u00f5nevad. Raamat r\u00e4\u00e4gib \u00fchest t\u00fcdrukust Nikki, kes kaotas oma p\u00e4eviku. P\u00e4eviku leidmiseni pidi ta \u00a0kasutama oma v\u00e4ikese \u00f5e\u00a0 p\u00e4evikut. \u00d5nneks oli tal kaks parimat s\u00f5pra, kes aitasid tal \u00a0p\u00e4evikut otsida. L\u00f5puks kui ta koolist koju j\u00f5udis, tuli tema v\u00e4ike \u00f5de r\u00f5\u00f5muga \u00a0\u00a0talle vastu. Ta \u00fctles,et n\u00e4itas oma klassi lastele Nikki p\u00e4evikust\u00a0 naljakaid pilte. Nikki sai v\u00e4ga vihaseks, aga oli samas ka r\u00f5\u00f5mus, et p\u00e4evik polegi p\u00e4riselt kadunud. Raamat \u00f5petas, kuidas p\u00e4evikut pidada. Mulle meeldis see raamat, sest seal juhtus igasuguseid asju, mida ma ei saa r\u00e4\u00e4kida. Ma soovitaksin seda k\u00f5igil lugeda, sest raamat oli t\u00e4is s\u00f5prust, \u00a0lahedust ja p\u00f5nevust.<\/p>\n<p><strong>JUHTKIRI. Valentinip\u00e4ev ehk s\u00f5brap\u00e4ev<\/strong><\/p>\n<p>Toimetaja Anna<\/p>\n<p>Tulemas on paljude \u00fcksikute k\u00f5ige vihatum p\u00e4ev. Aga k\u00f5ik ekstroverdid ootavad seda v\u00e4ga. P\u00e4ev, millal k\u00f5ik s\u00f5brad on r\u00f5\u00f5msamad kui tavaliselt. S\u00f5brap\u00e4eva t\u00e4histatakse 14. veebruaril. S\u00f5brap\u00e4ev on p\u00e4ev, kus k\u00f5ik s\u00f5brad ja paarid t\u00e4histavad oma s\u00f5prust. Tihti annavad nad ka \u00fcksteisele kingitusi. Vikipeedia s\u00f5nul on Valentinip\u00e4eva t\u00e4histamine \u00a0seostatav Vana Roomas tuntud Lupercalia festivaliga \u2013 viljakusmaagiaga seotud pidustustega, mida peeti 15. veebruaril jumal Faunuse auks. Faunus oli antiikmaailma viljakusjumal, loomakasvatuse ja p\u00f5llut\u00f6\u00f6 kaitsja. \u00dche legendi j\u00e4rgi olevat ta s\u00f5brunenud Rooma vangivalvuri t\u00fctrega, kellele ta enne oma hukkamist olevat saatnud kaardi s\u00f5nadega \u201cSinu Valentinilt\u201d. T\u00e4nini kasutatakse seda v\u00e4ljendit valentinikaartidel. Paljud \u00fcksikud inimesed ( inglise keeles \u201clonerid\u201d), vihkavad s\u00f5brap\u00e4eva. S\u00f5brap\u00e4ev on ju p\u00e4ev, millal me t\u00e4histame enda s\u00f5prust ja armastust. Kui sul pole kellegagi s\u00f5brap\u00e4eva pidada, tunned end \u00fcksildaselt, nukralt ja depressiivselt. S\u00f5brap\u00e4eval on igal pool, kus sa vaatad \u00f5nnelikud paarid v\u00f5i s\u00f5brad. Seet\u00f5ttu j\u00e4\u00e4vad introverdid v\u00f5i \u00fcksildased inimesed s\u00f5brap\u00e4eval tavaliselt koju, kus nad loevad raamatuid, s\u00f6\u00f6vad \u0161okolaadi ning joovad teed. Inimesed, kellel on keegi, kellega seda toredat p\u00e4eva t\u00e4histada, on \u00f5nnelikumad kui tavaliselt. Nad annavad \u00fcksteisele kinke, k\u00e4ivad kohvikutes, pargis jalutamas ja naeravad koos. Nad veedavad terve p\u00e4eva inimestega, kes on neile kallid. Ostavad punaseid roose, s\u00fcdamekujulisi \u0161okolaade ja muid s\u00fcdamekujulisi m\u00f5ttetusi, et kinkida enda l\u00e4hedastele. Paljud inimesed ka abielluvad s\u00f5brap\u00e4eval.Kuna inimesed on \u00a0erinevad, siis sa v\u00f5iks kuulata m\u00f5lemat inimest ja \u00fcritada leida lahendust, mis k\u00f5igile sobiks.<\/p>\n<p><strong>INTERVJUU Kaja Komissaroviga \u00a0\u00a0\u00a0\u00a0\u00a0\u00a0<\/strong><\/p>\n<p>Kajaga vestles Saskia<\/p>\n<p>Kaja on 49-aastane kooli\u00f5petaja. K\u00fcsisin Kaja k\u00e4est tema elu kohta.<\/p>\n<p><b>Kus sa s\u00fcndisid?<\/b><\/p>\n<p>Kaja:,,Tallinnas, N\u00f5mmel \u00fches pisikeses s\u00fcnnitusmajas, mis on praegu elumaja. Ema l\u00e4ks mul s\u00fcnnitusmajja \u00f5htul ja mina s\u00fcndisin hommikul 8:05, terve \u00f6\u00f6 ema ootas mind haiglas. Seal oli veel puuk\u00fcte ja ahi k\u00fcdes nurgas.\u2019\u2019<\/p>\n<p><b>Kirjelda enda lapsep\u00f5lve, milline see oli? <\/b><\/p>\n<p>Kaja:,,Minu lapsep\u00f5lv oli v\u00e4ga vahva. Ma sain elada nii linnas kui ka maal. K\u00f5ik koolivaheajad elasin maal vanaisa ja vanaema juures. Olin seal terve aeg \u00f5ues ja m\u00e4ngisin ka nukkudega. Linnas vanematega oli ka tore, k\u00e4isime ringi. No ja ma muidugi tegin juba v\u00e4iksest peale sporti. Basseinis olin ma ka juba v\u00e4ga palju. Ema ja isa mind hoidsid, samas ka n\u00f5udsid. K\u00f5ik oli h\u00e4sti, nagu \u00fchel lapsel olema peab.\u2019\u2019<\/p>\n<p><b>Kas sul on \u00f5desid v\u00f5i vendasid ja kui on kui vanad?<\/b><\/p>\n<p>Kaja:,,Ja, mul on vend, 42-aastane.\u2019\u2019<\/p>\n<p><b>Kas sul on olnud koduloomi?<\/b><\/p>\n<p>Kaja:,,Mul on olnud 2 hamstrit j\u00e4rge m\u00f6\u00f6da ja mul on olnud 3 koera j\u00e4rge m\u00f6\u00f6da. \u00dcks koer kahjuks juba poole aastaselt j\u00e4i auto alla, aga siis me saime uue koera ja siis kui ma olin juba suurem, siis oli see koer Viljandis ema ja isa juures.\u2019\u2019<\/p>\n<p><b>Mis oli lapsep\u00f5lves sinu lemmiks\u00f6\u00f6k?<\/b><\/p>\n<p>Kaja:,,Isa tehtud kartulipuder hakklihakastmega.\u2019\u2019<\/p>\n<p><b>Mis on olnud sinu hobid l\u00e4bi elu?<\/b><\/p>\n<p>Kaja:,,Kui ma koolis k\u00e4isin, siis ujumine oli ju hobi. Kas ma iga kord tahtsin trenni, see on ise k\u00fcsimus. K\u00fcll \u00a0olen prantsuse keelt uurinud, alati olen ma lugenud. Teatris k\u00e4imine, mingil ajal k\u00e4isin ma seal kohutavalt palju. Viimasel ajal natukene v\u00e4hem, aga see on siiski hobi. No ja siis ma vahelduva eduga k\u00fcll ma olen tikkinud, k\u00fcll ma olen v\u00e4rvinud pilte, k\u00fcll ma olen maalinud. Aga need niimoodi siis l\u00e4hevad \u00fcle ja siis midagi muud tuleb sinna asemele.\u2019\u2019<\/p>\n<p><b>Kas sa oled kassi- v\u00f5i koerainimene?<\/b><\/p>\n<p>Kaja:,,N\u00fc\u00fcd enam ma ei oskagi vastata, varem olin kindlasti koerainimene, aga praegu ma ei julge seda v\u00e4ita, sest minu meelest on kassid ka v\u00e4ga vinged.\u2019\u2019<\/p>\n<p><b>Miks on hea olla \u00f5petaja?<\/b><\/p>\n<p>Kaja:,,No sellep\u00e4rast, sest siis sa saad j\u00e4\u00e4da eluaeg natuke lapseks. Ja tead, kui ma olin v\u00e4ike, siis see Pipi raamat l\u00f5peb nende v\u00f5lukommide s\u00f6\u00f6mise ja v\u00f5lus\u00f5nade lugemisega. Ja k\u00fcll mina tahtsin neid komme saada. Kui k\u00f5ik lapsed tahtsid suureks ja t\u00e4iskasvanuks saada, minul ei olnud seda suurt ihalust.\u2019\u2019<\/p>\n<p><b>Mis on su lemmikraamat praegu? \u00a0<\/b><\/p>\n<p>Kaja:,,Minu lemmikraamat praegu on August Gailiti ,,Ekke Moor\u2019\u2019.\u2019\u2019<\/p>\n<p><b>Kas on parem olla laps v\u00f5i t\u00e4iskasvanu, p\u00f5hjenda?<\/b><\/p>\n<p>Kaja:,,Parem on olla laps, aga noor ma ei tahaks olla, Kui sa oled juba t\u00e4iskasvanuks saanud. Noorena pead sa nii palju asju l\u00e4bi kogema ja tegema, nii et on parem olla juba natuke vanem. V\u00f5i siis olla laps, sest lapsena v\u00f5ib tunduda k\u00f5ik ebaaus, aga tegelikult on sinu elu ju nii toredasti t\u00e4iskasvanute poolt korraldatud, kes sinust hoolivad ja armastavad. Ja seda fantaasiat ja seda avastamist on ju nii palju lapsel. Ei saa l\u00f5puni p\u00e4ris kindlasti \u00f6elda, kumb on parem. Kindlasti ma ei tahaks olla 18-25 aastane. Seda ma enam ei tahaks.\u2019\u2019<\/p>\n<p><b>Mis on k\u00f5ige lahedam koht maailmas?<\/b><\/p>\n<p>Kaja:,,K\u00f5ige lahedam koht maailmas on kodu.\u2019\u2019<\/p>\n<p><b>Kui sa saaksid valida \u00fche soovi ja see l\u00e4heks t\u00e4ide, mis see oleks?<\/b><\/p>\n<p>Kaja:,,\u00dchelt poolt kindlasti selline, et oleks rahu maailmas ja et ei oleks s\u00f5dasid. Aga teine naljaga pooleks, et saaks ikka neid Pipi komme.\u2019\u2019<\/p>\n<p><b>Kui sa saaks olla \u00fcksk\u00f5ik kes \u00fcheks p\u00e4evaks, kes see oleks, miks?<\/b><\/p>\n<p>Kaja:,,Universumi parim n\u00e4itleja Meryl Streep.\u2019\u2019<\/p>\n<p><strong>Millega sa vabal ajal tegeled?<\/strong><\/p>\n<p>Kaja:,,Loen, jalutan, r\u00e4\u00e4gin juttu. No ja siis kui parajasti peaks m\u00f5ni nendest hobidest olema. V\u00e4rvimine, millegi meisterdamine v\u00f5i puslede kokkupanemine nuhvlis. Tavaliselt panen ma neid puslesid nuhvlis kokku j\u00f5uluajal, siis tulevad uued ilusad pildid. See on mis hobi mul parajasti mul k\u00e4sil on.\u2019\u2019<\/p>\n<p><strong>Mis oli sinu lemmikraamat lapsep\u00f5lves?<\/strong><\/p>\n<p>Kaja:,,Minu lemmikraamat lapsep\u00f5lves oli Astrid Lindgreni ,,Karlsson katuselt\u2019\u2019.\u2019\u2019 Mul on Vene multifilmi j\u00e4rgi v\u00e4lja antud venekeelne Karlssoni raamat. Kuna Karlsson oli minu suur lemmiktegelane, siis igal \u00f5htul enne magamaminekut pidi isa mulle seda raamatut ette lugema. Alguses ta siis niimoodi ilusasti t\u00f5lkis vene keelest eesti keelde. M\u00f5nikord ta ikka tahtis panna sinna oma juttu, aga mul oli see k\u00f5ik s\u00f5na s\u00f5nalt peas ja nii kui isa eksis, siis ma \u00fctlesin kohe: ,,Ei, sa \u00fctled valesti.\u2019\u2019 \u00a0Ta ei saanud seal oma loomingut teha. Ta pidi t\u00e4pselt s\u00f5na- s\u00f5nalt t\u00f5lkima. Mina vaatasin samal ajal neid ilusaid pilte. Vene laste multifilmid on ju nii ilusa pildikeelega. Ja see Karlsson oli nii armas ja s\u00fcdamlik.\u2019\u2019<\/p>\n<p><b>Mis kohal on teater su elus?<\/b><\/p>\n<p>Kaja:,,Teater on minu elus v\u00e4ga olulisel kohal, ma veetsin seal \u00fcsna palju aega oma \u00f5nnelikus lapsep\u00f5lves. Vanemad hoidsid mind veidikene eemal ka, aga mitte ei keelanud. Ma veetsin palju aega ka proovides, ka t\u00e4iskasvanute etendustel olles ja vaadates neid. Kui ma olin g\u00fcmnaasiumieas, siis ma k\u00e4isin lavakas, kus isa \u00f5petas neid n\u00e4itlejaid. Hakkasin k\u00e4ima vaatamas nende tunde. Mind v\u00e4ga huvitas see n\u00e4itlejaks saamise protsess ja et\u00fc\u00fcdide lavastamine. Ma k\u00e4isin \u00fcks periood v\u00e4ga palju teatris. Sellep\u00e4rast on ka teater v\u00e4ga olulisel kohal minu elus.Ja on v\u00e4ga olulisel kohal\u2026 Olen s\u00fcnnist saati teatriga seotud olnud. Olen teinud ka ise teatrit mille nimi oli ,,Kaja teater\u2019\u2019. Tegin teatrit sellest ajast saati kui l\u00e4ksin suurde RaM kooli t\u00f6\u00f6le kuni ma l\u00e4ksin Hispaania kooli.\u2019\u2019<\/p>\n<p>Kaja elu tundus ja ka on p\u00f5nev. Mul oli r\u00f5\u00f5m teda k\u00fcsitleda.<\/p>\n<p><strong>Saada eestla<\/strong><strong>seks. Teekond saunast laulupeole <\/strong><\/p>\n<p>Toimetaja Marie<\/p>\n<p>22. veebruaril Rocca al Mare koolis<\/p>\n<p>Autor: Jaanus Vaiksoo<\/p>\n<p>Lavastaja: \u00a0Kaja Komissarov<\/p>\n<p>N\u00e4itlejad Roostiku koolist: \u00a0Erika Paadimeister, Ingrid Tullus, Amaia Ortega Goitia<\/p>\n<p>Etendus valmis laste ja \u00f5petajate koost\u00f6\u00f6s. Proovid toimusid neljap\u00e4eva hommikuti ja \u00f5htuti ning n\u00e4dalavahetusel. \u201cProovides sai palju nalja. Kahjuks paljud proovid j\u00e4id \u00e4ra, aga muidu andsime endast parima,\u201d lausus Kaja Komissarov. \u00a0Erika Paadimeistri s\u00f5nul kuulas ta hoolega lavastaja s\u00f5na.<\/p>\n<p>Olete k\u00f5ik oodatud!<\/p>\n<p style=\"text-align: right\"><b>Teeme looduse ja inimesed \u00f5nnelikuks! <\/b><\/p>\n<p style=\"text-align: right\">KOHTUME Tallinna vanalinnas Raekoja kella all laup\u00e4eval, 15. m\u00e4rtsil kell 15.00.<\/p>\n<p style=\"text-align: right\">V\u00f5ta kindad ja pr\u00fcgikott kaasa ja koristame koos vanalinna puhtaks!<\/p>\n","protected":false},"excerpt":{"rendered":"<p>Peatoimetaja: Anna Toimetajad: Saskia, Sophia, Bertha, Meribel,<\/p>\n","protected":false},"author":17,"featured_media":8060,"parent":8340,"menu_order":970,"comment_status":"closed","ping_status":"closed","template":"gallery-template.php","meta":{"_acf_changed":false,"footnotes":""},"class_list":["post-8365","page","type-page","status-publish","has-post-thumbnail","hentry"],"acf":[],"_links":{"self":[{"href":"https:\/\/ramkool.edu.ee\/roostiku\/wp-json\/wp\/v2\/pages\/8365","targetHints":{"allow":["GET"]}}],"collection":[{"href":"https:\/\/ramkool.edu.ee\/roostiku\/wp-json\/wp\/v2\/pages"}],"about":[{"href":"https:\/\/ramkool.edu.ee\/roostiku\/wp-json\/wp\/v2\/types\/page"}],"author":[{"embeddable":true,"href":"https:\/\/ramkool.edu.ee\/roostiku\/wp-json\/wp\/v2\/users\/17"}],"replies":[{"embeddable":true,"href":"https:\/\/ramkool.edu.ee\/roostiku\/wp-json\/wp\/v2\/comments?post=8365"}],"version-history":[{"count":9,"href":"https:\/\/ramkool.edu.ee\/roostiku\/wp-json\/wp\/v2\/pages\/8365\/revisions"}],"predecessor-version":[{"id":19425,"href":"https:\/\/ramkool.edu.ee\/roostiku\/wp-json\/wp\/v2\/pages\/8365\/revisions\/19425"}],"up":[{"embeddable":true,"href":"https:\/\/ramkool.edu.ee\/roostiku\/wp-json\/wp\/v2\/pages\/8340"}],"wp:featuredmedia":[{"embeddable":true,"href":"https:\/\/ramkool.edu.ee\/roostiku\/wp-json\/wp\/v2\/media\/8060"}],"wp:attachment":[{"href":"https:\/\/ramkool.edu.ee\/roostiku\/wp-json\/wp\/v2\/media?parent=8365"}],"curies":[{"name":"wp","href":"https:\/\/api.w.org\/{rel}","templated":true}]}}