{"id":8371,"date":"2019-02-25T17:52:50","date_gmt":"2019-02-25T15:52:50","guid":{"rendered":"https:\/\/ramkool.edu.ee\/roostiku\/?page_id=8371"},"modified":"2022-11-20T21:25:16","modified_gmt":"2022-11-20T19:25:16","slug":"roostiku-paevaleht-2","status":"publish","type":"page","link":"https:\/\/ramkool.edu.ee\/roostiku\/omalooming\/ajalehed\/roostiku-paevaleht-2\/","title":{"rendered":"Roostiku P\u00e4evaleht"},"content":{"rendered":"<p><img loading=\"lazy\" decoding=\"async\" class=\"aligncenter\" src=\"https:\/\/ramkool.edu.ee\/roostiku\/wp-content\/uploads\/sites\/11\/2019\/02\/MG_7481-1.jpg\" width=\"481\" height=\"361\" \/>Toimetus<\/p>\n<p>Liisa , Laura Anette , Grete , Imre , Ella Elisabeth, Henri, Sebastian, Mia-Maria<\/p>\n<p style=\"text-align: right\" align=\"LEFT\"><strong>Armas Roostiku kool<\/strong>, kui saad 2-aastaseks, siis ole sama hea kool, nagu oled praegugi.<\/p>\n<p style=\"text-align: right\">Soovib Sebastian 2019. aastal<\/p>\n<p><strong>EESTI-TEEMALISED UUDISED<\/strong><\/p>\n<p><b>Kersti Kaljulaid. Portreelugu<\/b><\/p>\n<p>Kaljulaid on s\u00fcndinud aastal 1969 Tartus, Kaljulaid elas v\u00e4iksena Mustam\u00e4e t\u00fc\u00fcpilises viiekordses majas. Kaljulaid oli lasteaias pandud vanemate r\u00fchma, kui ta vanus olnud.\u00a0Et taskuraha teenida pidi Kaljulaid lapsi hoidmas k\u00e4ima. Kaljulaid k\u00e4is Tartu \u00dclikoolis bioloogiat \u00f5ppimas. Kersti Kaljulaid sai 81 h\u00e4\u00e4lega 2016. aastal 3.augustil Eesti uueks presidendiks. Kaljulaid on esimene Eesti naispresident. Kaljulaidile tehti Riigikogust ettepanek, saada. Eesti presidendiks, kuna teised kandidaadid ei saanud keegi piisavalt h\u00e4\u00e4li. Nii tegi riigikogu uue h\u00e4\u00e4letuse ja Kaljulaid sai piisavalt h\u00e4\u00e4li ning n\u00fc\u00fcd on ta Eesti president juba kolm aastat.<\/p>\n<p>Kuulasin presidendi k\u00f5ne internetist ja president Kaljulaid lausus \u00fches omas esimeses k\u00f5nes, et ta peab olema kohal, kui riigil on rasked hetked. Kaljulaid peab toetama oma s\u00f5na j\u00f5u ja ameti v\u00e4\u00e4rikusega neid, kes v\u00f5iksid muidu k\u00f5rvale j\u00e4\u00e4da, presidendi t\u00f6\u00f6 on meenutada, et esteetiline riik peab pakkuma tugevatele v\u00f5imalusi ja peab olema n\u00f5rkadele toeks. Minu arust oli see k\u00f5ne arukas ja t\u00f5ele vastav.<\/p>\n<p>Laura Anette<\/p>\n<p align=\"LEFT\"><strong>Eesti 101<\/strong><\/p>\n<p align=\"LEFT\">Eestil tuleb s\u00fcnnip\u00e4ev. Ta saab 101-aastaseks. Paraad toimub Tallinna kesklinnas kell 14.35. Paraadile l\u00e4heb Roostiku kooli \u00f5pilane Ella koos oma perega. Enne paraadi toimub kohvikus pidu. 24. veebruaril, Eesti s\u00fcnnip\u00e4eval, toimub lossis presidendi vastuv\u00f5tt. K\u00f5ik Roostiku kooli \u00f5pilased on oodatud paraadile. Meil on sini-must-valge lipp.<\/p>\n<p>Ella Elisabeth<\/p>\n<p><b>\u00c4ra hoitud \u00f5nnetus Eesti s\u00fcnnip\u00e4eval<\/b><\/p>\n<p>Toimetaja Grete<\/p>\n<p>24. veebruaril oli Eesti 101. s\u00fcnnip\u00e4ev. Oli ilus p\u00e4ikseline ilm. S\u00fcnnip\u00e4eva puhul toimus paraad. Paraadil osalesid ka Roostiku kooli \u00f5pilased ja \u00f5petajad.<\/p>\n<p>Paraad ei m\u00f6\u00f6dunud \u00e4pardusteta. \u00dcks v\u00e4ike laps rebis end ootamatult ema k\u00e4est lahti ning jooksis s\u00f5jamasinate ette. Ta oleks kindlasti viga saanud, kui s\u00f5jamasinajuht ei oleks viimasel hetkel teda m\u00e4rganud ning masina peatuma saanud. Pealtvaatajate hulgas tekkis segadus.<\/p>\n<p>Uurisime, miks laps seda tegi. Arturi s\u00f5nul soovis ta s\u00f5jamasinaid l\u00e4hemalt uurida ja ta ei jaksanud oodata. Peale vahejuhtumit j\u00e4tkus paraad r\u00f5\u00f5msalt. \u00d5htul oli presidendi vastuv\u00f5tt.<\/p>\n<p>Roostiku kooli lapsed ja \u00f5petajad pidasid s\u00fcnnip\u00e4eva oma kodudes.<\/p>\n<p><strong>\u00c4ra j\u00e4\u00e4nud pidu<\/strong><\/p>\n<p>Teisip\u00e4eval pidasid lapsed Roostiku koolis Eesti s\u00fcnnip\u00e4eva. Samal ajal k\u00e4is telekast Eesti Vabariigi 101. s\u00fcnnip\u00e4eva pidu. S\u00fcnnip\u00e4eval r\u00e4\u00e4kis president Kersti Kaljulaid, et Vabaduse v\u00e4ljakul on nii halb ilm, et s\u00fcnnip\u00e4ev j\u00e4\u00e4b \u00e4ra. Proovime j\u00e4rgmisel p\u00e4eval uuesti.<\/p>\n<p>Mia-Maria<\/p>\n<p><strong>Talve alguse kelgutamine<\/strong><\/p>\n<p>Talve alguses l\u00e4ks Roostiku kooli m\u00e4el kelgutamiseks. Kuna lastel ei olnud kelke, siis lasti pepuli ja k\u00f5huli. Tehti v\u00f5istluseid, oli l\u00f5bus ja sai palju nalja.<\/p>\n<p>Henri<\/p>\n<p><strong>Juhtkiri.<\/strong> <b>Parem kasutame riidest kotte, kui h\u00e4vitame maailma \u00a0<\/b><\/p>\n<p>Hakkame kasutama riidest kotte!!!<\/p>\n<p>Kui sul on poes k\u00e4igul kogu aeg oma riidest kott kaasas, on see sulle endalegi hea, et sa ei pea hakkama oma koti p\u00e4rast muretsema, et kas sul ikka on olemas ega maksma selle tavalise kilekoti eest, mis pealegi h\u00e4vitab maailma. Aga \u00e4rge ka visake kohe olemasolevaid kilekotte minema, sest kilekott laguneb looduses 700-1000 aastat ning ebasoodsates tingimustes see ei lagunegi. Koguge parem kilekotid kuhugi kokku ja kasutage neid n\u00e4iteks pr\u00fcgikottidena. Eestlased soetavad aastas 700 miljonit kilekotti, millest korduv- kasutuses on vaid murdosa. Saime ka president Kersti Kaljulaidi k\u00e4est intervjuu ning Kersti vastas, et v\u00f5ttis kasutusele riidest koti, sest mulle meeldib en- nast proovile panna ja naturalistide majas k\u00e4ies ning looduse suhet proovile pannes saingi aru, et peaksin ka looduse heaks midagi tegema ja v\u00f5tsingi kasutusele riidest kotid V\u00f5ta Kaljulaidist eeskuju ja hakka kasutama riidest kotte!<\/p>\n<p>Head s\u00e4\u00e4stmist!<\/p>\n<p>Liisa<\/p>\n<p><b>INTERVJUU \u00f5petaja Erikaga<\/b><\/p>\n<p>Intervjueeris Imre<\/p>\n<p><i>Reedel saime \u00f5petaja Erikaga boksikambris kokku ja lobisesime veidi. <\/i><\/p>\n<p><b>Miks sa hakkasid \u00f5petajaks? <\/b><\/p>\n<p>\u00d5petaja t\u00f6\u00f6 on huvitav. Minu vanavanaema oli \u00f5petaja ja ta hoidis mind v\u00e4iksena palju. Tihti k\u00e4isid tal k\u00fclas ka \u00f5pilased, kellega kohtusin. Nii tunduski, et \u00f5petaja maailm on ilus ja huvitav.<\/p>\n<p><b>Miks sa valisid inglise keele \u00f5petaja eriala?<\/b><\/p>\n<p>Mulle meeldib inglise keel ja kultuur.<\/p>\n<p><b>Kas inglise keel on lihtne v\u00f5i raske \u00f5petada teistele? <\/b><\/p>\n<p>Inglise keelt on t\u00e4nap\u00e4eval lihtne \u00f5petada, sest inglise keel on igal pool laste \u00fcmber. N\u00e4iteks lapsed m\u00e4ngivad arvutim\u00e4nge, mis on inglise keeles, kuulavad inglise keelset muusikat, vaatavad filme.<\/p>\n<p><b>Mis on raske \u00f5petaja ameti juures? <\/b><\/p>\n<p>Raske on ainult siis, kui \u00f5pilased ei kuula s\u00f5na.<\/p>\n<p><b>Kas on raske t\u00f6\u00f6d teha, kui lapsed lobisevad? <\/b><\/p>\n<p>Jah, see on v\u00e4ga keeruline, kui lapsed lobisevad.<\/p>\n<p><b>Kas sa \u00f5petad ainult Eesti lapsi? <\/b><\/p>\n<p>Jah, hetkel \u00f5petan Eesti lapsi. Oma esimesel t\u00f6\u00f6kohal S\u00f5le g\u00fcmnaasiumis \u00f5petasin ka lapsi, kelle emakeel on vene keel.<\/p>\n<p><b>Kui sa ei oleks \u00f5petaja, \u00a0kes sa siis oleksid? <\/b><\/p>\n<p>Ma oleksin pagar, sest mulle meeldib v\u00e4ga k\u00fcpsetada.<\/p>\n<p><i>L\u00e4ksime lahku magusate m\u00f5tetega.<\/i><\/p>\n<p>&nbsp;<\/p>\n<p><strong>T\u00e4na leidis \u00fcks sakslane<\/strong><strong> m\u00e4gedest tundmatu\u2026.<\/strong><\/p>\n<p>T\u00e4na 16:23 tuli teade, et on leitud tundmatu v\u00e4limusega LILL. Kui teadlased\/ taimeuurijad kohale l\u00e4ksid selgus, et seda taime pole keegi varem n\u00e4inud. See lill v\u00f5ib olla tuhandeid aastaid vana, mis alles n\u00fc\u00fcd t\u00e4rkas. Taime nimeks aga sai Herp Von Raxyful. Hoiame teid kindlasti edaspidiste s\u00fcndmustega kursis.<\/p>\n<p>Liisa<\/p>\n<p><strong>R\u00f6\u00f6v pangas<\/strong><\/p>\n<p>Eile \u00f6\u00f6sel r\u00f6\u00f6vis panka kaks paksu meest, v\u00f5tsid raha kuhjaga ja t\u00e4itsa t\u00fchja k\u00f5huga, t\u00e4na juba leiti \u00fcles kaks paksu meest.<\/p>\n<p>Liisa<\/p>\n<p style=\"text-align: right\"><b>Tule ja saa osa meie uuest lumelauast, mis on<\/b><b> PULDIGA JUHITAV.<\/b><\/p>\n<p style=\"text-align: right\">Seda saab proovida homme Kuutsem\u00e4el.<\/p>\n<p style=\"text-align: right\">Ole siis kohal ja n\u00e4eme homme!!!<\/p>\n<p align=\"LEFT\"><strong>Armas s\u00f5ber Meribel!<\/strong><\/p>\n<p align=\"LEFT\">Palju \u00f5nne 9. s\u00fcnnip\u00e4eva puhul!<\/p>\n<p align=\"LEFT\">Soovib Ella oma perega<\/p>\n<p>2019<\/p>\n<p>&nbsp;<\/p>\n","protected":false},"excerpt":{"rendered":"<p>Toimetus Liisa , Laura Anette , Grete<\/p>\n","protected":false},"author":17,"featured_media":8102,"parent":8340,"menu_order":960,"comment_status":"closed","ping_status":"closed","template":"gallery-template.php","meta":{"_acf_changed":false,"footnotes":""},"class_list":["post-8371","page","type-page","status-publish","has-post-thumbnail","hentry"],"acf":[],"_links":{"self":[{"href":"https:\/\/ramkool.edu.ee\/roostiku\/wp-json\/wp\/v2\/pages\/8371","targetHints":{"allow":["GET"]}}],"collection":[{"href":"https:\/\/ramkool.edu.ee\/roostiku\/wp-json\/wp\/v2\/pages"}],"about":[{"href":"https:\/\/ramkool.edu.ee\/roostiku\/wp-json\/wp\/v2\/types\/page"}],"author":[{"embeddable":true,"href":"https:\/\/ramkool.edu.ee\/roostiku\/wp-json\/wp\/v2\/users\/17"}],"replies":[{"embeddable":true,"href":"https:\/\/ramkool.edu.ee\/roostiku\/wp-json\/wp\/v2\/comments?post=8371"}],"version-history":[{"count":12,"href":"https:\/\/ramkool.edu.ee\/roostiku\/wp-json\/wp\/v2\/pages\/8371\/revisions"}],"predecessor-version":[{"id":19424,"href":"https:\/\/ramkool.edu.ee\/roostiku\/wp-json\/wp\/v2\/pages\/8371\/revisions\/19424"}],"up":[{"embeddable":true,"href":"https:\/\/ramkool.edu.ee\/roostiku\/wp-json\/wp\/v2\/pages\/8340"}],"wp:featuredmedia":[{"embeddable":true,"href":"https:\/\/ramkool.edu.ee\/roostiku\/wp-json\/wp\/v2\/media\/8102"}],"wp:attachment":[{"href":"https:\/\/ramkool.edu.ee\/roostiku\/wp-json\/wp\/v2\/media?parent=8371"}],"curies":[{"name":"wp","href":"https:\/\/api.w.org\/{rel}","templated":true}]}}