{"id":8388,"date":"2019-02-25T22:59:24","date_gmt":"2019-02-25T20:59:24","guid":{"rendered":"https:\/\/ramkool.edu.ee\/roostiku\/?page_id=8388"},"modified":"2022-11-20T21:01:43","modified_gmt":"2022-11-20T19:01:43","slug":"roostiku-rannumees","status":"publish","type":"page","link":"https:\/\/ramkool.edu.ee\/roostiku\/omalooming\/ajalehed\/roostiku-rannumees\/","title":{"rendered":"Roostiku R\u00e4nnumees"},"content":{"rendered":"<p><img loading=\"lazy\" decoding=\"async\" class=\"aligncenter\" src=\"https:\/\/ramkool.edu.ee\/roostiku\/wp-content\/uploads\/sites\/11\/2019\/02\/MG_7485-1.jpg\" width=\"468\" height=\"374\" \/>Toimetus: Liisbet, Laura, Raul Robin, Florian, Rasmus, Mirtel, Renata, Raul<\/p>\n<p style=\"text-align: right\" align=\"LEFT\"><strong>\u00d5nnitlen Roostiku kooli<\/strong> 2. s\u00fcnnip\u00e4eva puhul.<\/p>\n<p style=\"text-align: right\" align=\"LEFT\">Soovin, et Roostiku kool saaks aina targemaks.<\/p>\n<p style=\"text-align: right\">Soovib Raul 14.veebruaril<\/p>\n<p style=\"text-align: right\">Kas sinu riided m\u00e4\u00e4rduvad nii, et p\u00e4rast plekki v\u00e4lja ei saa? Kas sa teed kirjutamisel palju vigu, aga pastakat ei saa kustutada? Kas sul on p\u00e4rast n\u00f5ude pesemist ikka n\u00f5udel plekke paista?<\/p>\n<p style=\"text-align: right\">Kui jah, siis meil on sulle lahendus!<\/p>\n<p style=\"text-align: right\">Tutvustame oma uusimat leiutist <b>V\u00f5itmatut Kustukat! <\/b><\/p>\n<p style=\"text-align: right\"><b>V\u00f5itmatu Kustukas eemaldab k\u00f5ik v\u00f5imalikud plekid, k\u00f5ikidelt v\u00f5imalikelt pindadelt.<\/b> Muruplekid p\u00fckstelt, pastaka tinti paberilt, toiduplekke n\u00f5udelt jne.<\/p>\n<p style=\"text-align: right\"><b>Suurep\u00e4rane kvaliteet! Parim hind! Uusim tehnoloogia!<\/b><\/p>\n<p style=\"text-align: right\">Praegu <b>50% allahindlust!<\/b><\/p>\n<p style=\"text-align: right\"><b>Pane plekid haihtuma!<\/b><\/p>\n<p><strong>JUHTKIRI<\/strong><\/p>\n<p><b><i>Kus mu pagas on?<\/i><\/b><\/p>\n<p>Autor: Liisbet<\/p>\n<p>Ma usun, et olete ikka lennujaamas olles kuulnud, et k\u00f5laritest lastakse teadet, mille sisu on umbes midagi sellist: \u201cPalun hoidke oma pagas enda l\u00e4heduses. Kui pagas on j\u00e4relvalveta j\u00e4\u00e4nud<b>,<\/b> siis peame selle teie turvalisuse huvides lennujaamast eemaldama.\u201d Kuid \u00a0k\u00f5ik ju sellest kinni ei pea.<\/p>\n<p>Kuigi unarusse j\u00e4etud kohvrite arv on v\u00e4ike, on kohvri kaduma minek ikkagi t\u00fclikas nii sulle, kes sa selle \u00e4ra kaotasid<b>,<\/b> kui ka lennujaama t\u00f6\u00f6tajatele.<\/p>\n<p>Ma olen isegi sellises olukorras olnud. Kord olime \u00a0perega Dubai lennujaamas, et tagasi Eestisse lennata. Ma unustasin seljakoti kogemata kohvikusse ning kui sellest aru saime<b>,<\/b> oli mu kott juba \u00e4ra viidud. Me k\u00fcsisime turvamehelt seljakoti asukoha kohta ja turvamees vastas, et see oli lennujaamast \u00e4ra viidud. Isa l\u00e4ks siis kotti otsima. Ta s\u00f5itis koos turvameestega lennujaamast kaugele paki hoidlasse, kus ta \u00a0\u00f5nneks koti k\u00e4tte sai. Kuna see paki hoidla oli p\u00e4ris kaugel, oli v\u00e4ga suur v\u00f5imalus, et ta ei j\u00f5ua \u00f5igeks ajaks lennuki peale ning peab \u00fcksi v\u00f5\u00f5rale maale j\u00e4\u00e4ma ja uut lennukit ootama.\u00a0 Me olime v\u00e4ga murelikud ja mina tundsin end v\u00e4ga halvasti, sest minu hooletuse p\u00e4rast v\u00f5is isa n\u00fc\u00fcd lennukist maha j\u00e4\u00e4da ning ei saa meiega koos koju tulla. \u00d5nneks j\u00f5udis ta p\u00e4ris viimasel minutil kohale. Ma olin sel hetkel nii \u00f5nnelik.<\/p>\n<p>Selle jaoks, et v\u00e4ltida sellise olukorra juhtumist sinuga<b>,<\/b> ole palun v\u00e4ga t\u00e4helepanelik ja \u00e4ra j\u00e4ta oma pagasit \u00fcksi!<\/p>\n<p><strong>PORTREELUGU<\/strong><\/p>\n<p><b><i>Kristina reisid<\/i><\/b><\/p>\n<p>Autor: Liisbet<\/p>\n<p>Me intervjueerisime \u00a0Roostiku kooli matemaatika \u00f5petajat Kristina M\u00f5isa ja k\u00fcsisime paar k\u00fcsimust tema reisikogemuse kohta. Sissejuhatuseks k\u00fcsisime Kristinalt paar k\u00fcsimust tema reisimisharjumuste ja eelistuste kohta.<\/p>\n<p>\u201cK\u00f5ige tihedam reisimise periood oli mul teismelisena, kui reisisin palju koos vanematega. N\u00fc\u00fcd on kohustusi rohkem ja v\u00e4iksed lapsed, sellep\u00e4rast reisin harvem, aga siiski paar-kolm korda aastas,\u201d \u00fctles Kristina, \u201cpikemad reisid teen koos lastega, sest ei tahaks puhkust neist eemal veeta. Mu lapsed on praegu 4 ja 6 aastat vanad, mis t\u00e4hendab et tulebki valida kergemad ja turvalisemad sihtkohad ning \u00fchte p\u00e4eva ei maksa liiga palju tegevusi planeerida. Eelmisel aastal k\u00e4isin Iirimaal koos oma \u00f5ega, see oli \u00fchtlasi hea v\u00f5imalus omavahel olla, sest argielu sebimise k\u00f5rvalt ei ole \u00fcksteise jaoks alati palju aega. Tavaliselt lendan lennukiga sihtkohta ja kohapeal liigume ringi \u00fchistranspordiga v\u00f5i rendiautoga.\u201d<\/p>\n<p>\u201cMulle meeldib reisida Ida-Euroopas, n\u00e4iteks viimase aja \u00fcks lemmikregioone on Balkanimaad. Seal on nii p\u00f5nevat ajalugu kui ka ilusat loodust. Ning muidugi mugavalt l\u00e4hedal minna ning soodsad hinnad.\u201d<\/p>\n<p>K\u00fcsisime Kristinalt ka tema k\u00f5ige meeldej\u00e4\u00e4vama reisi kohta. \u201cVastan siinkohal hoopis \u00fche negatiivse ja hoiatava looga. Seitse aastat tagasi Kreetal sattusime auto\u00f5nnetusse. Meil oli olnud peamiselt rannapuhkus, kuid eelviimasel p\u00e4eval otsustasime v\u00f5tta rendiauto, et s\u00f5ita pealinna Heraklioni, et vaadata iidseid varemeid ja m\u00e4lestisi. Kuid enne linna j\u00f5udmist lebas \u00fcht\u00e4kki teel katkine rehv ja juht p\u00f5rkas k\u00f5rvale ju liiga \u00e4kiliselt. Tegime mitu saltot ja maandusime katusel. Varemete asemel veetsime p\u00e4eva Heraklioni haiglas kontrollis. Arvestades, et auto oli peaaegu lapik, on h\u00e4mmastav, et reisijad ei saanud viga. Turvav\u00f6\u00f6 on fantastiline leiutis ja seda tuleb alati kindlasti kasutada,\u201d jutustas ta.<\/p>\n<p>\u201cK\u00f5ige kaugem oli Uus-Meremaa. Mul elasid seal \u00fclikooliaegsed tuttavad ja nende k\u00fclastamine andiski impulsi,\u201d r\u00e4\u00e4kis Kristina oma k\u00f5ige kaugema reisi kohta.<\/p>\n<p>K\u00fcsisime ka natuke Kristina unistuste reisisihtpunkti kohta. \u201cL\u00e4hiajal tahaks p\u00f5hjalikumalt k\u00fclastada Poolat. Eestlaste jaoks tavaliselt on Poola ainult l\u00e4bis\u00f5idumaa, kus ei taha h\u00e4sti peatudagi. Tegelikult on Poolal p\u00f5nev ja keeruline ajalugu, millest koolis eriti ei r\u00e4\u00e4gita, ja ilus loodus, n\u00e4iteks v\u00f5imsad p\u00f5lismetsad. Samuti on Poola \u00fcks Euroopa suurimaid riike. Praegu ma loen Frederik Chopini elulugu ja saan \u00fcha teada, mida k\u00f5ike ma Poolast ei tea,\u201d vastas ta.<\/p>\n<p>L\u00f5petuseks on meil ka paar soovitust Kristina \u00a0poolt lugejatele: \u201cSoovitan reisida sinna ja sellisel moel, nagu just sulle meeldib, ja mitte hoolida sellest, milline sihtkoht on parasjagu moes.\u201d<\/p>\n<p><strong>UUDISED<\/strong><\/p>\n<p><strong>Autojuht punase \u0160kodaga s\u00f5itis punase tulega \u00fcle tee<\/strong><\/p>\n<p>Raul<\/p>\n<p>Roostiku kooli laps Raul n\u00e4gi autot, mis s\u00f5itis punasega \u00fcle tee. See juhtus Tallinnas, Haabersti ringi juures, kell 14.11. Autojuht oli punase \u0160kodaga. V\u00f5eti infot ka autojuhilt. Ta v\u00e4idab, et naine hakkas s\u00fcnnitama ja sellep\u00e4rast riskis autoga. \u00d5nneks keegi viga ei saanud.<\/p>\n<p align=\"LEFT\"><strong>Roostiku kooli \u00f5pilased n\u00e4gid rasvatihaseid<\/strong><\/p>\n<p align=\"LEFT\">Renata<\/p>\n<p align=\"LEFT\">K\u00f5ik Roostiku kooli \u00f5pilased n\u00e4gid Roostiku koolimaja taga puu otsas rasvatihaseid. Nad n\u00e4gid sellep\u00e4rast, et rasvatihased tulid toitu otsima.Lindudel olid k\u00f5hud t\u00fchjad. Nad n\u00e4gid samas kohas rasvatihaseid j\u00e4rgmisel p\u00e4eval uuesti. Linnud s\u00f5id rasvapalle.<\/p>\n<p style=\"text-align: right\" align=\"LEFT\"><strong>KUTSE<\/strong><\/p>\n<p style=\"text-align: right\" align=\"LEFT\">K\u00f5ik inimesed olete oodatud loomade annetuspeole.<\/p>\n<p style=\"text-align: right\" align=\"LEFT\">Loomade annetuspeol saab annetada haigetele kassidele ja koertele.<\/p>\n<p style=\"text-align: right\" align=\"LEFT\">Loomade annetuskontsert algab kell 6 ja l\u00f5peb kell 7 l\u00e4bi. Kontsert<\/p>\n<p style=\"text-align: right\">toimub Tartus, Rebase 1.<\/p>\n<p><strong><span style=\"line-height: 107%;font-family: 'Times New Roman',serif;font-size: 16pt\"><span style=\"color: #000000\">S\u00fcnge talv<\/span><\/span><\/strong><\/p>\n<p><span style=\"line-height: 107%;font-family: 'Times New Roman',serif;font-size: 12pt\"><span style=\"color: #000000\">Mirtel\u00a0<\/span><\/span><\/p>\n<p><span style=\"line-height: 107%;font-family: 'Times New Roman',serif;font-size: 12pt\"><span style=\"color: #000000\">Teisip\u00e4eva hommikul \u00e4rkasin ja n\u00e4gin, et t\u00f6\u00f6mehed polnud lund l\u00fckanud. Inimesed vaevu liikusid, autod samuti. Autod piiputasid ja tuututasid. Lapsed j\u00e4od kooli hiljaks, inimesed j\u00e4id t\u00f6\u00f6le hiljaks. T\u00f6\u00f6mehed j\u00f5udsid l\u00f5puks kell 14.00 ja l\u00fckkasid lume \u00e4ra.<\/span><\/span><\/p>\n<p><strong><span style=\"line-height: 107%;font-family: 'Times New Roman',serif;font-size: 16pt\"><span style=\"color: #000000\">Tere, armas Roostiku kool!<\/span><\/span><\/strong><\/p>\n<p><span style=\"line-height: 107%;font-family: 'Times New Roman',serif;font-size: 12pt\"><span style=\"color: #000000\">Teisip\u00e4eva hommikul oli eriti palju lund. Tore oli, et t\u00f6\u00f6mehed l\u00fckkasid minu maja eest Rannaniidu t\u00e4navalt lume \u00e4ra. Kutsuge teie ka t\u00f6\u00f6mehed appi. L\u00f5puks j\u00f5udis meie akna taha ilus lumememm, sest lund oli maja taga palju. \u00d5htul joome kakaod. Lumi oli ilusasti maas, Nora m\u00e4ngib praegu \u00f5ues. Oh, talv on ikka ilus! Varsti saabub \u00f6\u00f6 k\u00e4tte, aga talv vajab m\u00e4ngimist.<\/span><\/span><\/p>\n<p><span style=\"line-height: 107%;font-family: 'Times New Roman',serif;font-size: 12pt\"><span style=\"color: #000000\">Tervitades<\/span><\/span><\/p>\n<p><span style=\"line-height: 107%;font-family: 'Times New Roman',serif;font-size: 12pt\"><span style=\"color: #000000\">Mirtel ja Nora<\/span><\/span><\/p>\n<p><span style=\"line-height: 107%;font-family: 'Times New Roman',serif;font-size: 12pt\"><span style=\"color: #000000\">12. veebruar 2019<\/span><\/span><\/p>\n<p><strong>Kersti Kaljulaid l\u00e4ks reisile<\/strong><\/p>\n<p>Toimetaja Rasmus<\/p>\n<p>Eesti president Kersti Kaljulaid, kes on s\u00fcndinud 30. detsembril 1969. aastal, \u00a0s\u00f5itis Araabiasse puhkusele.\u00a0 Puhkus kestis 5 p\u00e4eva. 3. p\u00e4eval kell 11.00 murti hotellituppa ja Kersti Kaljulaidilt r\u00f6\u00f6viti 300 eurot. \u00a0Samal p\u00e4eval hakkas Araabias s\u00f5da. Proua president oli sunnitud lahkuma. Juhtunud s\u00fcndmuste valguses astus ta poliitikast v\u00e4lja. Head aega, Kersti Kaljulaid!<\/p>\n<p><b>Mis siis, kui maailmas poleks internetti<\/b><\/p>\n<p>Raul<\/p>\n<p>Maailmas kadus internet. .K\u00f5ik inimesed l\u00e4heksid segaseks ja magamatuks. Juhtuks rohkem auto ja muid \u00f5nnetusi.K\u00f5ik muutuksid zombideks ja hakkaksid majade ja asjade peale oma viha\u00a0\u00a0v\u00e4lja elama. Inimeste arv v\u00e4heneks, oleks rohkem m\u00f5rvu ja maailm hakkaks lagunema. Inimesed muutuksid lohakaks ja h\u00e4vitaksid elukeskkonna ja \u00f5hk saab otsa ja maa sureb v\u00e4lja.<\/p>\n<p><strong>INTERVJUU<\/strong><\/p>\n<p><b>Kuidas Airist \u00f5petaja sai<\/b><\/p>\n<p>Florian<\/p>\n<p><b>Kelleks sa tahtsid v\u00e4iksena saada?<\/b><\/p>\n<p>Kui ma olin p\u00e4ris v\u00e4ike t\u00fcdruk, siis tahtsin v\u00e4ga saada baleriiniks. Kui ma kooli l\u00e4ksin, selgus, et meie koolis on balletiring ja sinna v\u00f5eti seitsmeaastaseid t\u00fcdrukuid. Mu ema k\u00e4is balletiringi esimesel koosolekul, kus anti teada, mis neile v\u00e4ikestele balletit\u00fcdrukutele \u00f5mmelda vaja on. Pidi olema v\u00e4ike roosa seelik ja balletisussid. Minu ema tuli koju ja hakkas neid asju loomulikult \u00f5mblema. Esimene balletitund \u00a0j\u00f5udis k\u00e4tte ja mina olin tunnis v\u00e4ga \u00f5nnelik oma roosa seeliku ja mustade balletisusside \u00fcle. Tunni l\u00f5pus \u00fctles aga \u00f5petaja: \u201cAiri, sina oled balleti jaoks natukene liiga suur, meil on siin vaja \u00f5rnema kondiga t\u00fcdrukuid.\u201d Noh, niimoodi minu balleti- tantsija karj\u00e4\u00e4ri l\u00f5ppes. Loomulikult olin ma v\u00e4ga kuri ja otsustasin, et hakkan ikkagi \u00f5petajaks.<\/p>\n<p><b>Kus koolis sa v\u00e4iksena k\u00e4isid?<\/b><\/p>\n<p>Ma k\u00e4isin Mulla t\u00e4nava kunstikoolis. Tollel ajal oli see 46. keskkool, praegu Pelgulinna g\u00fcmnaasium.<\/p>\n<p><b>Milliseid hindeid sa koolis said?<\/b><\/p>\n<p>Ma pean t\u00f5esti uhkusega \u00fctlema, et kuni kuuenda klassini olid mul tunnistustel k\u00f5ik viied. Kuigi jah, mu ema s\u00f5nul olin ma esimeses klassis ikka t\u00e4itsa otu olnud. Ta muretses v\u00e4ga, kuidas ma koolis hakkama saan. Esimesel aastal istus ta mul k\u00f5rval, k\u00f5ik kodused t\u00f6\u00f6d lahendasin koos emaga. Kui ma l\u00e4ksin teise klassi, siis selgus \u00fcllatusena, et ma saan p\u00e4ris h\u00e4sti ise hakkama. Nii et sealt edasi l\u00e4ks mul toredasti. P\u00f5hikooli l\u00f5pu poole lipsasid mul f\u00fc\u00fcsikas ja keemias ikka need kolmed ka sisse. Need andsin endale andeks.<\/p>\n<p><b>Kuidas sul \u00fclikoolis l\u00e4ks?<\/b><\/p>\n<p>Tead, mina olin selline laps, kes g\u00fcmnaasiumi l\u00f5puks enam ei teadnud, kelleks ma saada tahan. Peale g\u00fcmnaasiumi l\u00f5petamist ma kohe ei l\u00e4inudki \u00fclikooli. L\u00e4ksin hoopis Rootsi lapsehoidjaks. Elasin Stockholmi l\u00e4\u00e4nis Sollentunas. Seal peres kasvas kaks last, kellest noorem k\u00e4is lasteaias ja vanem koolis. Minu \u00fclesanne oli nad hommikult lasteaeda ja kooli viia. Lasteaed ja kool asusid \u00fches ja samas majas. Niimoodi siis juhtuski, et ma sattusin Rootsi kooli. See, mis sealt v\u00e4lja paistis, meeldis mulle kangest. Kui ma Rootsist tagasi tulin, siis ma teadsin t\u00e4pselt, et ma tahan \u00f5petajaks saada. Ma astusin Tallinna \u00dclikooli ja \u00f5ppimine l\u00e4ks mul v\u00e4ga l\u00f5busalt. Mul ei olnud raske, sest mulle v\u00e4ga meeldis \u00f5ppida. Noo m\u00f5nikord ma ei j\u00f5udnud oma t\u00f6\u00f6dega \u00f5igeks ajaks valmis, sest noorel inimesel on ikka sada asja korraga k\u00e4sil, \u00a0aga ma sain asjad tehtud. V\u00e4ga vahva oli \u00f5ppida ja v\u00e4ga huvitav ka.<\/p>\n<p><b>Kas sa olid enne \u00f5petajaks saamist kuskil mujal t\u00f6\u00f6tanud?<\/b><\/p>\n<p>Jah, ma t\u00f6\u00f6tasin juba g\u00fcmnaasiumi ajal. Mu ema t\u00f6\u00f6tas sellises asutuses, mille nimi oli Eesti Telefon. Suviti k\u00e4isin ma tema juures t\u00f6\u00f6l kaasas ja v\u00f5tsin \u201c07\u201d-s k\u00f5nesid vastu. G\u00fcmnaasiumi ajal t\u00f6\u00f6tasin veel ka n\u00e4iteks Pelgulinna polikliiniku registratuuris. Ma otsisin v\u00e4lja inimeste kaarte ja viisin siis arstidele. Ja noh, nii nagu ma r\u00e4\u00e4kisin, olen olnud ka lapsehoidja. Nii et ma olen staa\u017eikas t\u00f6\u00f6tegija.<\/p>\n<p><b>Kuidas sa \u00f5petajat\u00f6\u00f6 peale tulid?<\/b><\/p>\n<p>Ikka seal Rootsis. Kuigi minu ema \u00fctles mulle, kui ta minu soovist kuulis: \u201cAiri, sina k\u00fcll \u00f5petajaks ei tohi \u00f5ppida, sul ei ole kannatlikku meelt.\u201d Aga selgus, et seda kannatlikku meelt on v\u00f5imalik \u00f5ppida. Kuigi ma vahel ikka murdun.<\/p>\n<p><b>Mis klassi sa k\u00f5ige esimesena \u00f5petasid?<\/b><\/p>\n<p>Sellega on lugu nii, et ma t\u00f6\u00f6tasin Tallinna Inglise kolled\u017eis ja ma l\u00e4ksin t\u00f6\u00f6le juba \u00fclikooli kolmanda kursuse poole aasta pealt. Meie eesti keele \u00f5ppej\u00f5ud k\u00fcsis kord loengus: \u201cT\u00fcdrukud, kas keegi oleks n\u00f5us Inglise kolled\u017eisse minema \u00fchte \u00f5petajat pooleks aastaks asendama?\u201d Selgus, et see \u00f5petaja s\u00f5itis L\u00f5una- Aafrika Vabariiki. Mina \u00fctlesin kohe, et tahan k\u00fcll. Nii siis ma sattusin Inglise kolled\u017eisse ja sain endale kolmanda klassi 32 \u00f5pilast. Minu esimene \u00a0t\u00f6\u00f6p\u00e4ev \u00f5petajana oli 19. jaanuar.<\/p>\n<p><b>Kuidas praeguseni oled j\u00f5udnud?<\/b><\/p>\n<p>Minu esimene kool oligi Tallinna Inglise kolled\u017e. \u00a0M\u00f5ne aja p\u00e4rast hakkasid Hannes Tamj\u00e4rv ja Rein Rebane m\u00f5tlema uue kooli rajamise peale. Mina sellel hetkel Rocca al Mare kooli peale \u00fcldse ei m\u00f5elnud. Hannes ja Rein kasutasid Inglise kolled\u017ei ruume selleks, et l\u00e4bi viia erinevaid koolitusi \u00f5petajatele, kes olid Rocca al Mare koolis t\u00f6\u00f6tamisest huvitatud. Mina neil koolitustel ei k\u00e4inud, mul oli sel ajal \u00fcks teine kool. Kui kuulutati ametlikult v\u00e4lja konkurss Rocca al Mare kooli,siis minu hea kolleeg Monika \u00fctles: \u201cAiri, sa pead ka tulema sinna Rocca al Mare kooli m\u00e4nnimetsade alla.\u201d Mind j\u00e4i Monika lause kummitama. Hakkasin uurima, mis see Rocca al Mare kool on. \u00a0Selgus, et mulle t\u00e4itsa meeldisid ideed, mis uut kooli kandma hakkasid. Kandideerisin, mind valiti v\u00e4lja ja niimoodi ma Rocca al Mare kooli maandusin. Mul ongi olnud vaid kaks kooli.<\/p>\n<p><strong>UUDISLUGU<\/strong><\/p>\n<p><b>Reis Hispaania m\u00e4gedesse<\/b><\/p>\n<p>Laura<\/p>\n<p>\u00dcks Eesti pere k\u00e4is Hispaanias 2018 aasta detsembris Estepona taga m\u00e4el nimega Sierra Bermeja. See m\u00e4gi on 1449m k\u00f5rge. Et j\u00f5uda m\u00e4e tipus olevasse parklasse, kus algab matkarada, tuleb s\u00f5ita 50 km m\u00f6\u00f6da ohtlikku serpentiini, mida \u00e4\u00e4ristab ohtlik kuristik. Sellel ajal tundis pere veidi hirmu ja k\u00f5igil oli paha olla. Hirmus oli veel see et teele oli maha kukkunud suured kivid. Matkaraja pikkus on 3,5 km. Tegemist on v\u00e4ga unikaalse kohaga, kus pilved j\u00e4\u00e4vad m\u00e4gede taha l\u00f5ksu ja ei p\u00e4\u00e4se edasi. Tekib olukord , et \u00a0sa seisad pilvedest k\u00f5rgemal. Teel tipu poole kohtasid nad kaljukitse perekonda, kes tundsid end v\u00e4ga m\u00f5nusalt ja turvaliselt. looduses j\u00e4\u00e4vad nad peaaegu m\u00e4rkamatuks, sest on \u00fcmbrusega v\u00e4ga sarnased.<\/p>\n<p>Kes soovib, saab keha kinnitada autentses k\u00fclarestoranis m\u00e4e tipus, kus laudade vahel jookseb ringi v\u00e4ike kitsetall. Seal s\u00f5i pere parimat looma liha mida saanud olid. N\u00e4dalal\u00f5pu v\u00e4ljas\u00f5iduga j\u00e4id k\u00f5ik v\u00e4ga rahule.<\/p>\n<p><strong>ARVUSTUS<\/strong><\/p>\n<p><b>Reis Indoneesias<\/b><\/p>\n<p>Raul<\/p>\n<p>Ma k\u00e4isin Indoneesias koolivaheajal enda perega. See on Aasia riik, nii et inimesed on v\u00e4ga usklikud. Neil on v\u00e4ga v\u00fcrtsikad s\u00f6\u00f6gid<\/p>\n<p>Minu jaoks oli seal liiga soe ja see mulle ei meeldinud. See on teistsuguse kultuuri ja s\u00f6\u00f6giga riik. S\u00f6\u00f6gid mulle seal ei maitsenud kuna need olid v\u00fcrtsikad. Me liikusime liiga palju m\u00f6\u00f6da t\u00e4navaid ringi see v\u00e4sitas liialt. Aga loodus seal oli ilus ja ahvimetsad ja loomaaiad olid lahedad. Meil oli villaga natuke h\u00e4da, kuna pildid ja kohal olemine on teised asjad. Siis me vahetasime kaks korda rohkem villat, see oli p\u00e4ris t\u00fc\u00fctu. Me hakkasime tagasi tulema see ei olnud k\u00f5ige toredam kuna me lendasime 24 tundi. See \u00a0reis mulle v\u00e4ga ei meeldinud, kuna see oli liiga soe maa.<\/p>\n<p>&nbsp;<\/p>\n","protected":false},"excerpt":{"rendered":"<p>Toimetus: Liisbet, Laura, Raul Robin, Florian, Rasmus,<\/p>\n","protected":false},"author":17,"featured_media":8104,"parent":8340,"menu_order":950,"comment_status":"closed","ping_status":"closed","template":"gallery-template.php","meta":{"_acf_changed":false,"footnotes":""},"class_list":["post-8388","page","type-page","status-publish","has-post-thumbnail","hentry"],"acf":[],"_links":{"self":[{"href":"https:\/\/ramkool.edu.ee\/roostiku\/wp-json\/wp\/v2\/pages\/8388","targetHints":{"allow":["GET"]}}],"collection":[{"href":"https:\/\/ramkool.edu.ee\/roostiku\/wp-json\/wp\/v2\/pages"}],"about":[{"href":"https:\/\/ramkool.edu.ee\/roostiku\/wp-json\/wp\/v2\/types\/page"}],"author":[{"embeddable":true,"href":"https:\/\/ramkool.edu.ee\/roostiku\/wp-json\/wp\/v2\/users\/17"}],"replies":[{"embeddable":true,"href":"https:\/\/ramkool.edu.ee\/roostiku\/wp-json\/wp\/v2\/comments?post=8388"}],"version-history":[{"count":7,"href":"https:\/\/ramkool.edu.ee\/roostiku\/wp-json\/wp\/v2\/pages\/8388\/revisions"}],"predecessor-version":[{"id":19402,"href":"https:\/\/ramkool.edu.ee\/roostiku\/wp-json\/wp\/v2\/pages\/8388\/revisions\/19402"}],"up":[{"embeddable":true,"href":"https:\/\/ramkool.edu.ee\/roostiku\/wp-json\/wp\/v2\/pages\/8340"}],"wp:featuredmedia":[{"embeddable":true,"href":"https:\/\/ramkool.edu.ee\/roostiku\/wp-json\/wp\/v2\/media\/8104"}],"wp:attachment":[{"href":"https:\/\/ramkool.edu.ee\/roostiku\/wp-json\/wp\/v2\/media?parent=8388"}],"curies":[{"name":"wp","href":"https:\/\/api.w.org\/{rel}","templated":true}]}}