{"id":8396,"date":"2019-02-25T23:37:57","date_gmt":"2019-02-25T21:37:57","guid":{"rendered":"https:\/\/ramkool.edu.ee\/roostiku\/?page_id=8396"},"modified":"2022-11-20T21:23:03","modified_gmt":"2022-11-20T19:23:03","slug":"roostiku-valisilm","status":"publish","type":"page","link":"https:\/\/ramkool.edu.ee\/roostiku\/omalooming\/ajalehed\/roostiku-valisilm\/","title":{"rendered":"Roostiku V\u00e4lisilm"},"content":{"rendered":"<p><strong>KRISTIINI JA RIANNA KODU\u00d5PE ROOTSIS<\/strong><\/p>\n<p>Rianna ja Kristiin<\/p>\n<p>P\u00e4ev algab sellega, et \u00e4rkame pool \u00fcheksa. Hommikus\u00f6\u00f6gi teeb vahest ema, vahest meie. Samuti teeme tihti l\u00f5unas\u00f6\u00f6ke koos, see on nagu meie kodunduse tund. \u00d5ppima hakkame kell \u00fcheksa. Siis ema prindib Riannale p\u00e4evaplaani ja Kristiin teeb arvuti lahti. Tavaliselt \u00f5pime kuni l\u00f5unas\u00f6\u00f6gini, aga vahest saame oma \u00fclesannetega ka kiiremini valmis. Peale l\u00f5unas\u00f6\u00f6ki k\u00e4ime \u00f5ues ja kui j\u00e4i veel midagi \u00f5ppida, siis peale \u00f5ues k\u00e4imist \u00f5pime veel natukene. \u00d5htu poole k\u00e4ime terve perega lumelauaga s\u00f5itmas v\u00f5i kelgutamas v\u00f5i uisutamas. Oleme ka \u00f5htuti pannud kokku p\u00e4ris palju m\u00f6\u00f6blit ja \u00f5ppinud kasutama akutrelli. M\u00f6\u00f6bli kokku panemine on nagu Legodega ehitamine ja ise kutsume seda k\u00e4sit\u00f6\u00f6tunniks V\u00e4ga meeldib meile siin looduses jalutada ja kaljude peal ronida. Muidu l\u00e4heb meil Rootsis v\u00e4ga h\u00e4sti, aga igatseme ka tagasi Roostiku kooli.<\/p>\n<p><strong>UUDISED HISPAANIAST<\/strong><\/p>\n<p><b>Eesti keele aasta Hispaania koolis<\/b><\/p>\n<p>Teeli<\/p>\n<p>Hispaania koolis on traditsioon, et iga perioodi l\u00f5pus n\u00e4itavad lapsed vanematele<b>, <\/b>mida nad sel perioodil tegid. Tavaliselt \u00f5pilased teevad n\u00e4idendeid, jutustavad muinasjutte ja r\u00e4\u00e4givad \u00f5udusjutte. Veebruari kuu l\u00f5pus esitlevad lapsed vanematele luuletusi.<\/p>\n<p>Kuna 2019. aasta<b>,<\/b> nimetati eesti keele aastaks<b>,<\/b> on luuletused eestikeelsed ja eesti autorite poolt loodud. Esitlemisele tuleb luuletusi<b>,<\/b> mis on kirjutatud nii kaua aega tagasi, et pole teada nende luuletuste autoreid<b>,<\/b> ja ka luuletusi<b>,<\/b> mis on n\u00f5nda hiljuti ilmunud, et nende autorid pole veel laiemat tuntust kogunud. Luuletuste esitlemisel teevad \u00f5pilased taustaks erinevaid h\u00e4\u00e4li ja varjuteatrit.<\/p>\n<p><b>Kas t\u00f5esti v\u00f5ime loota 2019\/2020 \u00f5ppeaastal Hispaania \u00f5ppekeskuses 7. klassi avamist?!<\/b><\/p>\n<p>Victoria<\/p>\n<p><b><i>V\u00f5imalusel soovivad Rocca al Mare kool ja Hispaania \u00f5ppekeskus <\/i><\/b><b><i>avada j\u00e4rgmisel \u00f5ppeaastal Hispaaniasse 7. klassi.<\/i><\/b><\/p>\n<p>Oleme kuulnud, et Rocca al Mare kool ja Hispaania \u00f5ppekeskus soovivad luua Hispaania kooli nurga \u00f5ppimiseks ka 7. klassile. Selle idee loomiseks peaks aga Rocca al Mare kool leidma \u00f5petaja, kes oleks n\u00f5us aitama Hispaaniasse \u00f5ppima l\u00e4inud seitsmendikke. Hetkel \u00f5pib Hispaania kooli katuse all vaid kuus klassi. Paljud eelmistel aastatel \u00f5ppinud 6. klassi \u00f5pilased on 7. klassi puudumise t\u00f5ttu pidanud valima endale m\u00f5ne muu, rahvusvahelise kooli. N\u00fc\u00fcd aga on selle aasta kuuendikud j\u00e4\u00e4nud ootele, millal \u00f5petajad saavad kindlalt lubada 7. klassi. \u00a0Kui kaua oodatud soov saab teoks, saavad nad j\u00e4tkata uuendusliku \u00f5ppeprogrammiga, mida nad on eelnevatel aastatel juba tundma \u00f5ppinud.<\/p>\n<p>J\u00e4\u00e4me ootele, millise vastusega siis Rocca al Mare kool ja Hispaania \u00f5ppekeskus meie ette tulevad.<\/p>\n","protected":false},"excerpt":{"rendered":"<p>KRISTIINI JA RIANNA KODU\u00d5PE ROOTSIS Rianna ja<\/p>\n","protected":false},"author":17,"featured_media":8099,"parent":8340,"menu_order":940,"comment_status":"closed","ping_status":"closed","template":"gallery-template.php","meta":{"_acf_changed":false,"footnotes":""},"class_list":["post-8396","page","type-page","status-publish","has-post-thumbnail","hentry"],"acf":[],"_links":{"self":[{"href":"https:\/\/ramkool.edu.ee\/roostiku\/wp-json\/wp\/v2\/pages\/8396","targetHints":{"allow":["GET"]}}],"collection":[{"href":"https:\/\/ramkool.edu.ee\/roostiku\/wp-json\/wp\/v2\/pages"}],"about":[{"href":"https:\/\/ramkool.edu.ee\/roostiku\/wp-json\/wp\/v2\/types\/page"}],"author":[{"embeddable":true,"href":"https:\/\/ramkool.edu.ee\/roostiku\/wp-json\/wp\/v2\/users\/17"}],"replies":[{"embeddable":true,"href":"https:\/\/ramkool.edu.ee\/roostiku\/wp-json\/wp\/v2\/comments?post=8396"}],"version-history":[{"count":5,"href":"https:\/\/ramkool.edu.ee\/roostiku\/wp-json\/wp\/v2\/pages\/8396\/revisions"}],"predecessor-version":[{"id":19423,"href":"https:\/\/ramkool.edu.ee\/roostiku\/wp-json\/wp\/v2\/pages\/8396\/revisions\/19423"}],"up":[{"embeddable":true,"href":"https:\/\/ramkool.edu.ee\/roostiku\/wp-json\/wp\/v2\/pages\/8340"}],"wp:featuredmedia":[{"embeddable":true,"href":"https:\/\/ramkool.edu.ee\/roostiku\/wp-json\/wp\/v2\/media\/8099"}],"wp:attachment":[{"href":"https:\/\/ramkool.edu.ee\/roostiku\/wp-json\/wp\/v2\/media?parent=8396"}],"curies":[{"name":"wp","href":"https:\/\/api.w.org\/{rel}","templated":true}]}}