{"id":8693,"date":"2019-03-31T19:44:18","date_gmt":"2019-03-31T16:44:18","guid":{"rendered":"https:\/\/ramkool.edu.ee\/roostiku\/?page_id=8693"},"modified":"2019-04-01T21:06:10","modified_gmt":"2019-04-01T18:06:10","slug":"koned-kooli-sunnipaevaks","status":"publish","type":"page","link":"https:\/\/ramkool.edu.ee\/roostiku\/omalooming\/koned-kooli-sunnipaevaks\/","title":{"rendered":"K\u00f5ned kooli s\u00fcnnip\u00e4evaks"},"content":{"rendered":"<p><span style=\"color: #000000;font-size: medium\">Roostiku kool soovib oma suurele vennale t\u00e4ismehe ikka j\u00f5udmise puhul palju \u00f5nne! 19 ei ole enam poisike, 19 on <\/span><span style=\"color: #000000;font-size: medium\">veidi elutarkust kogunud nooruk, kes seisab elul\u00e4vel, rind kummis ja pea m\u00f5tteid t\u00e4is, ning valmis uuteks teadmisteks. Rocca al Mare kool on samuti kasvanud, sirutanud oma k\u00e4ed ja jalad ilma peale laiali nagu \u00fcks ilus \u00f5unapuu. Esimesed viljad on juba kantud ja tegutsevad iseseisvalt eluteel. Et j\u00e4tkuvalt oleksid saagiajad viljakad ja kooliaastad magusad. Palju \u00f5nne, Rocca al Mare kool!<\/span><\/p>\n<p>Tristan 6. talv<\/p>\n<p>Kallid Rocca al Mare kooli \u00f5pilased ja \u00f5petajad!<\/p>\n<p>Me tulime siia, sest tahtsime \u00f6elda meie armsale, just 19- aastaseks saanud Rocca al Mare koolile soovi Roostiku kooli poolt.<\/p>\n<p>Meie pisikene kool on kasvanud aastatega suureks ilusaks koolimajaks. Kindlasti tulevad meile uued ja toredad \u00f5petajad ning iga aastaga palju r\u00f5\u00f5msaid lapsi. Rocca al Mare \u00f5petajad on v\u00e4ga abivalmid ja lahked. Meie kool v\u00f5iks minna samas vaimus edasi ja iga aastaga muutuda paremaks. Meie koolis on hea, sest meie kool hoiab kokku ja meie kooli\u00f5pilased erinevad teistest \u00f5pilastest mitmel heal viisil. Rocca al Mare kooli \u00f5pilased on iseseisevad ja kohustustundlikud. Meie koolis on \u00fcks v\u00e4ga lahe traditsiooniline \u00fcritus, mis toimub Eesti Vabariigi s\u00fcnnip\u00e4eval. Meie kooli etendused on nagu teatris. Me armastame seda kooli ja kaitseme seda, sest k\u00f5ik selles on nagu p\u00e4ris.<\/p>\n<p>Me soovime koolile palju ilusaid hetki ja loomulikult palju \u00f5nne s\u00fcnnip\u00e4evaks!!!<\/p>\n<p>Saskia ja Laura 4. talvest<\/p>\n<p>Kallis suure Rocca al Mare kooli pere! \u00a0Kallid Ram kooli \u00f5petajad!<\/p>\n<p>Oleme k\u00f5ik siia aulasse kokku tulnud, et t\u00e4histada meie kooli s\u00fcnnip\u00e4eva. See kooli saab t\u00e4na 19-aastaseks. See on meie k\u00f5igi jaoks ka v\u00e4ga suur. J\u00e4rgmise aastal saab kool 20. Kuni selle kooliaastani olen r\u00f5\u00f5mus veel, et k\u00e4in sellises koolis, sest siin on meil k\u00f5igil hea ja m\u00f5nus.<\/p>\n<p>Soovin, et meil k\u00f5igil l\u00e4heks paremini ja V\u00c4GA h\u00e4sti. Head edasiminekut RaM kool! Palju \u00f5nne s\u00fcnnip\u00e4evaks, kallis Rocca al Mare kool!<\/p>\n<p>Florian P\u00f5llu 4.R \u00a0Roostiku kool<\/p>\n","protected":false},"excerpt":{"rendered":"<p>Roostiku kool soovib oma suurele vennale t\u00e4ismehe<\/p>\n","protected":false},"author":17,"featured_media":8661,"parent":2754,"menu_order":900,"comment_status":"closed","ping_status":"closed","template":"gallery-template.php","meta":{"_acf_changed":false,"footnotes":""},"class_list":["post-8693","page","type-page","status-publish","has-post-thumbnail","hentry"],"acf":[],"_links":{"self":[{"href":"https:\/\/ramkool.edu.ee\/roostiku\/wp-json\/wp\/v2\/pages\/8693","targetHints":{"allow":["GET"]}}],"collection":[{"href":"https:\/\/ramkool.edu.ee\/roostiku\/wp-json\/wp\/v2\/pages"}],"about":[{"href":"https:\/\/ramkool.edu.ee\/roostiku\/wp-json\/wp\/v2\/types\/page"}],"author":[{"embeddable":true,"href":"https:\/\/ramkool.edu.ee\/roostiku\/wp-json\/wp\/v2\/users\/17"}],"replies":[{"embeddable":true,"href":"https:\/\/ramkool.edu.ee\/roostiku\/wp-json\/wp\/v2\/comments?post=8693"}],"version-history":[{"count":3,"href":"https:\/\/ramkool.edu.ee\/roostiku\/wp-json\/wp\/v2\/pages\/8693\/revisions"}],"predecessor-version":[{"id":8701,"href":"https:\/\/ramkool.edu.ee\/roostiku\/wp-json\/wp\/v2\/pages\/8693\/revisions\/8701"}],"up":[{"embeddable":true,"href":"https:\/\/ramkool.edu.ee\/roostiku\/wp-json\/wp\/v2\/pages\/2754"}],"wp:featuredmedia":[{"embeddable":true,"href":"https:\/\/ramkool.edu.ee\/roostiku\/wp-json\/wp\/v2\/media\/8661"}],"wp:attachment":[{"href":"https:\/\/ramkool.edu.ee\/roostiku\/wp-json\/wp\/v2\/media?parent=8693"}],"curies":[{"name":"wp","href":"https:\/\/api.w.org\/{rel}","templated":true}]}}