{"id":8801,"date":"2019-04-20T11:54:29","date_gmt":"2019-04-20T08:54:29","guid":{"rendered":"https:\/\/ramkool.edu.ee\/roostiku\/?page_id=8801"},"modified":"2019-04-21T11:01:49","modified_gmt":"2019-04-21T08:01:49","slug":"tervis-ja-esmaabi","status":"publish","type":"page","link":"https:\/\/ramkool.edu.ee\/roostiku\/pildialbum\/pildialbum\/tervis-ja-esmaabi\/","title":{"rendered":"Tervis ja esmaabi"},"content":{"rendered":"<p>IV perioodil toimetasime kogu kooliperega tervise lainel. Nooremad j\u00e4lgisid oma liikumist, puhkamist, s\u00f6\u00f6mist, pesemist. Vanemad kaaslased tegid tutvust esmaabiga ning tutvustasid seda noorematele. L\u00f5puks kordasime k\u00f5ik \u00fcle esmaabi koolitajaga. Panime kokku v\u00e4iksed tervise v\u00f5i esmaabi raamatud.<\/p>\n","protected":false},"excerpt":{"rendered":"<p>IV perioodil toimetasime kogu kooliperega tervise lainel.<\/p>\n","protected":false},"author":17,"featured_media":8809,"parent":5953,"menu_order":600,"comment_status":"closed","ping_status":"closed","template":"gallery-template.php","meta":{"_acf_changed":false,"footnotes":""},"class_list":["post-8801","page","type-page","status-publish","has-post-thumbnail","hentry"],"acf":[],"_links":{"self":[{"href":"https:\/\/ramkool.edu.ee\/roostiku\/wp-json\/wp\/v2\/pages\/8801","targetHints":{"allow":["GET"]}}],"collection":[{"href":"https:\/\/ramkool.edu.ee\/roostiku\/wp-json\/wp\/v2\/pages"}],"about":[{"href":"https:\/\/ramkool.edu.ee\/roostiku\/wp-json\/wp\/v2\/types\/page"}],"author":[{"embeddable":true,"href":"https:\/\/ramkool.edu.ee\/roostiku\/wp-json\/wp\/v2\/users\/17"}],"replies":[{"embeddable":true,"href":"https:\/\/ramkool.edu.ee\/roostiku\/wp-json\/wp\/v2\/comments?post=8801"}],"version-history":[{"count":1,"href":"https:\/\/ramkool.edu.ee\/roostiku\/wp-json\/wp\/v2\/pages\/8801\/revisions"}],"predecessor-version":[{"id":8872,"href":"https:\/\/ramkool.edu.ee\/roostiku\/wp-json\/wp\/v2\/pages\/8801\/revisions\/8872"}],"up":[{"embeddable":true,"href":"https:\/\/ramkool.edu.ee\/roostiku\/wp-json\/wp\/v2\/pages\/5953"}],"wp:featuredmedia":[{"embeddable":true,"href":"https:\/\/ramkool.edu.ee\/roostiku\/wp-json\/wp\/v2\/media\/8809"}],"wp:attachment":[{"href":"https:\/\/ramkool.edu.ee\/roostiku\/wp-json\/wp\/v2\/media?parent=8801"}],"curies":[{"name":"wp","href":"https:\/\/api.w.org\/{rel}","templated":true}]}}