{"id":8915,"date":"2019-04-20T12:25:28","date_gmt":"2019-04-20T09:25:28","guid":{"rendered":"https:\/\/ramkool.edu.ee\/roostiku\/?page_id=8915"},"modified":"2019-04-20T12:27:37","modified_gmt":"2019-04-20T09:27:37","slug":"sparta-polise-ori","status":"publish","type":"page","link":"https:\/\/ramkool.edu.ee\/roostiku\/omalooming\/vanakreeklaste-elu-olu\/sparta-polise-ori\/","title":{"rendered":"Sparta polise ori"},"content":{"rendered":"<p>Mina olen ori. Ma elan Sparta polises, linnas. Ma elan enda peremehe kahe-korruselises majas. Kuna olen ori, ten ma k\u00f5ige ebameeldivamaid t\u00f6id. Minu peamises \u00fclesanded on tegeleda sisseostudega, laste hoidmisega, koristamisega ja toidu tegemisega. Kuna ma olen ori, ei ole mul ka perekonda ega nime. Mind kutsutakse peremehe poolt pandud h\u00fc\u00fcdnimega. Mul ei ole \u00f5igusi ja kuulun oma peremehele. Minu peremees v\u00f5ib mind karistada, aga mitte tappa. Ma ei s\u00f6\u00f6 palju ja kui s\u00f6\u00f6n, siis v\u00e4he ja viletsalt, n\u00e4iteks paar k\u00f6\u00f6givilja. Minu kitoon on l\u00fchike, sest mida vaesem sa oled, seda l\u00fchemad on sinu r\u00f5ivad. Ma k\u00e4in ringi paljajalu, sest mul pole raha sandaalide jaoks. Juuksed on mul l\u00fchikesed, kuna orjadel l\u00f5igatakse juuksed maha, sest see on orjuse m\u00e4rk. Mul ei ole vaba aega, aga vahepeal v\u00f5tab peremees v\u00f5i -naine mind teatrisse kaasa. Ma ei saa v\u00f5tta ka osa ol\u00fcmpiam\u00e4ngudest, sest olen naine. Ma ei ole kunagi k\u00e4inud neid vaatamas, aga ma tahaks.<\/p>\n<p><img loading=\"lazy\" decoding=\"async\" class=\"aligncenter\" src=\"https:\/\/ramkool.edu.ee\/roostiku\/wp-content\/uploads\/sites\/11\/2019\/04\/MG_8503.jpg\" width=\"187\" height=\"281\" \/><\/p>\n<p>Joonistas ja kirjutas Steivi.<\/p>\n","protected":false},"excerpt":{"rendered":"<p>Mina olen ori. Ma elan Sparta polises,<\/p>\n","protected":false},"author":17,"featured_media":8910,"parent":8913,"menu_order":900,"comment_status":"closed","ping_status":"closed","template":"gallery-template.php","meta":{"_acf_changed":false,"footnotes":""},"class_list":["post-8915","page","type-page","status-publish","has-post-thumbnail","hentry"],"acf":[],"_links":{"self":[{"href":"https:\/\/ramkool.edu.ee\/roostiku\/wp-json\/wp\/v2\/pages\/8915","targetHints":{"allow":["GET"]}}],"collection":[{"href":"https:\/\/ramkool.edu.ee\/roostiku\/wp-json\/wp\/v2\/pages"}],"about":[{"href":"https:\/\/ramkool.edu.ee\/roostiku\/wp-json\/wp\/v2\/types\/page"}],"author":[{"embeddable":true,"href":"https:\/\/ramkool.edu.ee\/roostiku\/wp-json\/wp\/v2\/users\/17"}],"replies":[{"embeddable":true,"href":"https:\/\/ramkool.edu.ee\/roostiku\/wp-json\/wp\/v2\/comments?post=8915"}],"version-history":[{"count":2,"href":"https:\/\/ramkool.edu.ee\/roostiku\/wp-json\/wp\/v2\/pages\/8915\/revisions"}],"predecessor-version":[{"id":8917,"href":"https:\/\/ramkool.edu.ee\/roostiku\/wp-json\/wp\/v2\/pages\/8915\/revisions\/8917"}],"up":[{"embeddable":true,"href":"https:\/\/ramkool.edu.ee\/roostiku\/wp-json\/wp\/v2\/pages\/8913"}],"wp:featuredmedia":[{"embeddable":true,"href":"https:\/\/ramkool.edu.ee\/roostiku\/wp-json\/wp\/v2\/media\/8910"}],"wp:attachment":[{"href":"https:\/\/ramkool.edu.ee\/roostiku\/wp-json\/wp\/v2\/media?parent=8915"}],"curies":[{"name":"wp","href":"https:\/\/api.w.org\/{rel}","templated":true}]}}