{"id":8921,"date":"2019-04-20T12:58:44","date_gmt":"2019-04-20T09:58:44","guid":{"rendered":"https:\/\/ramkool.edu.ee\/roostiku\/?page_id=8921"},"modified":"2019-04-20T14:08:28","modified_gmt":"2019-04-20T11:08:28","slug":"sparta-polise-vaene-mees","status":"publish","type":"page","link":"https:\/\/ramkool.edu.ee\/roostiku\/omalooming\/vanakreeklaste-elu-olu\/sparta-polise-vaene-mees\/","title":{"rendered":"Ateena polise vaene mees"},"content":{"rendered":"<p>Ma elan koos oma perega maal, meil on 2-toaline maja ehk siis meil on \u00fcks magamistuba ja \u00fcks k\u00f6\u00f6k. Me tahaksime suuremat, aga pole piisavalt raha. Mul on naine ja \u00fcks poeg, kes on praegu s\u00f5jav\u00e4es. Ma pean t\u00f6\u00f6l k\u00e4ima, ma olen r\u00e4tsep, mis siis t\u00e4hendab, et ma \u00f5mblen ja parandan riideid. Ma ise kannan seljas himationi. Vabal ajal olen ma koos oma perega v\u00f5i siis agoraas, mis t\u00e4hendab kogunemispaika rahvaga v\u00f5i siis turuplatsi. Ol\u00fcmpiam\u00e4ngudel sain ma k\u00e4ia, kuna see on tasuta, aga mu pere ei saanud. Teatris seevastu v\u00f5ivad k\u00e4ia k\u00f5ik. Ja ma k\u00e4in k\u00f5ikidel kordadel, kui seal toimub midagi. Seal on kahte liiki etendusi, mis siis on trag\u00f6\u00f6dia ja kom\u00f6\u00f6dia. Trag\u00f6\u00f6dia t\u00e4hendab meil siin Vana-Kreekas kurbi ja t\u00f5siseid etendusi ja kom\u00f6\u00f6dia siis t\u00e4hendab l\u00f5busa sisuga n\u00e4idendit. Hommikuks s\u00f6\u00f6n ma leiba juustuga, l\u00f5unat mul ei ole ja \u00f5htul s\u00f6\u00f6n ma kala juurviljadega.<\/p>\n<p><img loading=\"lazy\" decoding=\"async\" src=\"https:\/\/ramkool.edu.ee\/roostiku\/wp-content\/uploads\/sites\/11\/2019\/04\/MG_8493.jpg\" width=\"232\" height=\"348\" \/><\/p>\n<p>Joonistas ja kirjutas Laura.<\/p>\n<p>&nbsp;<\/p>\n","protected":false},"excerpt":{"rendered":"<p>Ma elan koos oma perega maal, meil<\/p>\n","protected":false},"author":17,"featured_media":8900,"parent":8913,"menu_order":820,"comment_status":"closed","ping_status":"closed","template":"gallery-template.php","meta":{"_acf_changed":false,"footnotes":""},"class_list":["post-8921","page","type-page","status-publish","has-post-thumbnail","hentry"],"acf":[],"_links":{"self":[{"href":"https:\/\/ramkool.edu.ee\/roostiku\/wp-json\/wp\/v2\/pages\/8921","targetHints":{"allow":["GET"]}}],"collection":[{"href":"https:\/\/ramkool.edu.ee\/roostiku\/wp-json\/wp\/v2\/pages"}],"about":[{"href":"https:\/\/ramkool.edu.ee\/roostiku\/wp-json\/wp\/v2\/types\/page"}],"author":[{"embeddable":true,"href":"https:\/\/ramkool.edu.ee\/roostiku\/wp-json\/wp\/v2\/users\/17"}],"replies":[{"embeddable":true,"href":"https:\/\/ramkool.edu.ee\/roostiku\/wp-json\/wp\/v2\/comments?post=8921"}],"version-history":[{"count":3,"href":"https:\/\/ramkool.edu.ee\/roostiku\/wp-json\/wp\/v2\/pages\/8921\/revisions"}],"predecessor-version":[{"id":8924,"href":"https:\/\/ramkool.edu.ee\/roostiku\/wp-json\/wp\/v2\/pages\/8921\/revisions\/8924"}],"up":[{"embeddable":true,"href":"https:\/\/ramkool.edu.ee\/roostiku\/wp-json\/wp\/v2\/pages\/8913"}],"wp:featuredmedia":[{"embeddable":true,"href":"https:\/\/ramkool.edu.ee\/roostiku\/wp-json\/wp\/v2\/media\/8900"}],"wp:attachment":[{"href":"https:\/\/ramkool.edu.ee\/roostiku\/wp-json\/wp\/v2\/media?parent=8921"}],"curies":[{"name":"wp","href":"https:\/\/api.w.org\/{rel}","templated":true}]}}