{"id":8930,"date":"2019-04-20T13:30:18","date_gmt":"2019-04-20T10:30:18","guid":{"rendered":"https:\/\/ramkool.edu.ee\/roostiku\/?page_id=8930"},"modified":"2019-04-20T13:32:12","modified_gmt":"2019-04-20T10:32:12","slug":"sparta-polise-rikas-naine","status":"publish","type":"page","link":"https:\/\/ramkool.edu.ee\/roostiku\/omalooming\/vanakreeklaste-elu-olu\/sparta-polise-rikas-naine\/","title":{"rendered":"Sparta polise rikas naine"},"content":{"rendered":"<p>Tere, mina olen Cassandra ja ma olen rikas Sparta naine. Ma olen 36-aastane ja ma olen abielus 60-aastase Santosega, kes on vanemate n\u00f5ukogu liige ja meil on kaks last. Poeg Xander on 17-aastane, tema elab ja \u00f5pib erilises koolis, ja 10-aastane t\u00fctar Saina kasvab kodus meie juures. Ma elan Sparta polises Peloponnesose poolsaarel. Ma elan 2-korruselises tellistest majas, millel on suur sise\u00f5u, altar ja kaev. Kauneim tuba majas on k\u00fclalistetuba, kus mehed peavad pidus\u00f6\u00f6masid. Alumisel korrusel on veel pesuruum k\u00e4imlaga, k\u00f6\u00f6k ja laoruumid. \u00dclemine korrus on naiste p\u00e4ralt, kus tehakse k\u00e4sit\u00f6\u00f6d ja magatakse. Kuna ma olen rikas, siis on mul orjad ja ma tegelen igap\u00e4evaselt nende j\u00e4lgimisega, aga ma \u00f5petan ka oma t\u00fctart, sest t\u00fcdrukud koolis ei k\u00e4i. Vahel ma laulan, tantsin ja teen k\u00e4sit\u00f6\u00f6d. Mulle meeldib v\u00e4ga sise\u00f5ues jalutada, peakohal p\u00e4ikesevari, peas sall v\u00f5i \u00f5lgk\u00fcbar. Kannan alati v\u00e4rvilist tikanditega kitooni, mis ulatub kandadeni ja selle peal kangast peplost. Olen alati soengusse s\u00e4titud, l\u00f5hnastatud ja kannan kullast v\u00f5i elevandiluust ehteid. S\u00fc\u00fca meeldib mulle h\u00e4sti. Hommikuti alustan leivaga, mille kastan veini sisse. L\u00f5unaks teevad orjad tavaliselt mereande ja puuvilju. \u00d5htus\u00f6\u00f6gid on eriti rikkalikud: eelroaks on vahel eksootilised road ja vahel rohutirtsud, pearoaks on tavaliselt m\u00f5ni k\u00fctitud hirv v\u00f5i metssiga. Joome veini, naudime oliive ja paksu odraputru. \u00d5igusi mul eriti pole, peale orjade j\u00e4lgimise, aga kohustus on olla truu ja kasvatada t\u00fctart. Kahju, et ma ol\u00fcmpiam\u00e4ngudele ei saa, sest olen abielus.<\/p>\n<p><img loading=\"lazy\" decoding=\"async\" src=\"https:\/\/ramkool.edu.ee\/roostiku\/wp-content\/uploads\/sites\/11\/2019\/04\/MG_8500.jpg\" width=\"224\" height=\"336\" \/><\/p>\n<p>Joonistas ja kirjutas Patricia.<\/p>\n","protected":false},"excerpt":{"rendered":"<p>Tere, mina olen Cassandra ja ma olen<\/p>\n","protected":false},"author":17,"featured_media":8907,"parent":8913,"menu_order":860,"comment_status":"closed","ping_status":"closed","template":"gallery-template.php","meta":{"_acf_changed":false,"footnotes":""},"class_list":["post-8930","page","type-page","status-publish","has-post-thumbnail","hentry"],"acf":[],"_links":{"self":[{"href":"https:\/\/ramkool.edu.ee\/roostiku\/wp-json\/wp\/v2\/pages\/8930","targetHints":{"allow":["GET"]}}],"collection":[{"href":"https:\/\/ramkool.edu.ee\/roostiku\/wp-json\/wp\/v2\/pages"}],"about":[{"href":"https:\/\/ramkool.edu.ee\/roostiku\/wp-json\/wp\/v2\/types\/page"}],"author":[{"embeddable":true,"href":"https:\/\/ramkool.edu.ee\/roostiku\/wp-json\/wp\/v2\/users\/17"}],"replies":[{"embeddable":true,"href":"https:\/\/ramkool.edu.ee\/roostiku\/wp-json\/wp\/v2\/comments?post=8930"}],"version-history":[{"count":2,"href":"https:\/\/ramkool.edu.ee\/roostiku\/wp-json\/wp\/v2\/pages\/8930\/revisions"}],"predecessor-version":[{"id":8932,"href":"https:\/\/ramkool.edu.ee\/roostiku\/wp-json\/wp\/v2\/pages\/8930\/revisions\/8932"}],"up":[{"embeddable":true,"href":"https:\/\/ramkool.edu.ee\/roostiku\/wp-json\/wp\/v2\/pages\/8913"}],"wp:featuredmedia":[{"embeddable":true,"href":"https:\/\/ramkool.edu.ee\/roostiku\/wp-json\/wp\/v2\/media\/8907"}],"wp:attachment":[{"href":"https:\/\/ramkool.edu.ee\/roostiku\/wp-json\/wp\/v2\/media?parent=8930"}],"curies":[{"name":"wp","href":"https:\/\/api.w.org\/{rel}","templated":true}]}}