{"id":8933,"date":"2019-04-20T13:38:20","date_gmt":"2019-04-20T10:38:20","guid":{"rendered":"https:\/\/ramkool.edu.ee\/roostiku\/?page_id=8933"},"modified":"2019-04-20T13:40:58","modified_gmt":"2019-04-20T10:40:58","slug":"sparta-polise-rikas-mees","status":"publish","type":"page","link":"https:\/\/ramkool.edu.ee\/roostiku\/omalooming\/vanakreeklaste-elu-olu\/sparta-polise-rikas-mees\/","title":{"rendered":"Sparta polise rikas mees"},"content":{"rendered":"<p>Mina olen Sparta rikas mees. Elan 2-korruselises majas. Vabal ajal ma k\u00e4in jahil, harjutan s\u00f5jalisi oskusi. Mul on suur pere: kaks poega ja \u00fcks t\u00fctar. Minu tavaline p\u00e4evamen\u00fc\u00fc sisaldab veini, oliive, leiba, juustu, puuvilju, juurvilju, putru, rebast, metssiga, hirve, kaheksajalga, v\u00e4hki ning krabisid. \u00d5htuti k\u00e4is tavaliselt kolleegide juures einestamas ja riiklikke t\u00f6\u00f6asju arutamas. Lisaks on mul kodus kogu lahinguvarustus, mis koosneb turvisest, jalakaitsmetest, k\u00e4evarrekaitsmetest, kilbist, kiivrist ja m\u00f5\u00f5gast.<\/p>\n<p><img loading=\"lazy\" decoding=\"async\" src=\"https:\/\/ramkool.edu.ee\/roostiku\/wp-content\/uploads\/sites\/11\/2019\/04\/MG_8499.jpg\" width=\"262\" height=\"393\" \/><\/p>\n<p>Joonistas ja kirjutas Tristan.<\/p>\n","protected":false},"excerpt":{"rendered":"<p>Mina olen Sparta rikas mees. Elan 2-korruselises<\/p>\n","protected":false},"author":17,"featured_media":8906,"parent":8913,"menu_order":850,"comment_status":"closed","ping_status":"closed","template":"gallery-template.php","meta":{"_acf_changed":false,"footnotes":""},"class_list":["post-8933","page","type-page","status-publish","has-post-thumbnail","hentry"],"acf":[],"_links":{"self":[{"href":"https:\/\/ramkool.edu.ee\/roostiku\/wp-json\/wp\/v2\/pages\/8933","targetHints":{"allow":["GET"]}}],"collection":[{"href":"https:\/\/ramkool.edu.ee\/roostiku\/wp-json\/wp\/v2\/pages"}],"about":[{"href":"https:\/\/ramkool.edu.ee\/roostiku\/wp-json\/wp\/v2\/types\/page"}],"author":[{"embeddable":true,"href":"https:\/\/ramkool.edu.ee\/roostiku\/wp-json\/wp\/v2\/users\/17"}],"replies":[{"embeddable":true,"href":"https:\/\/ramkool.edu.ee\/roostiku\/wp-json\/wp\/v2\/comments?post=8933"}],"version-history":[{"count":3,"href":"https:\/\/ramkool.edu.ee\/roostiku\/wp-json\/wp\/v2\/pages\/8933\/revisions"}],"predecessor-version":[{"id":8936,"href":"https:\/\/ramkool.edu.ee\/roostiku\/wp-json\/wp\/v2\/pages\/8933\/revisions\/8936"}],"up":[{"embeddable":true,"href":"https:\/\/ramkool.edu.ee\/roostiku\/wp-json\/wp\/v2\/pages\/8913"}],"wp:featuredmedia":[{"embeddable":true,"href":"https:\/\/ramkool.edu.ee\/roostiku\/wp-json\/wp\/v2\/media\/8906"}],"wp:attachment":[{"href":"https:\/\/ramkool.edu.ee\/roostiku\/wp-json\/wp\/v2\/media?parent=8933"}],"curies":[{"name":"wp","href":"https:\/\/api.w.org\/{rel}","templated":true}]}}