{"id":8950,"date":"2019-04-20T14:34:56","date_gmt":"2019-04-20T11:34:56","guid":{"rendered":"https:\/\/ramkool.edu.ee\/roostiku\/?page_id=8950"},"modified":"2019-04-20T15:09:30","modified_gmt":"2019-04-20T12:09:30","slug":"ateena-polise-rikas-naine","status":"publish","type":"page","link":"https:\/\/ramkool.edu.ee\/roostiku\/omalooming\/vanakreeklaste-elu-olu\/ateena-polise-rikas-naine\/","title":{"rendered":"Ateena polise rikas naine"},"content":{"rendered":"<p>Mina olen Ateena rikas naine. Ma elan linnas. Mu elamu on kahekorruseline ja ehitatud p\u00f5letamata tellistest. Mu majal on sise\u00f5u, kus asub perekonna altar. Meil, naistel on meestest eraldi majaosa. Meie toad asuvad \u00fclakorrusel. Rikaste majad on suuremad kui vaestel, aga mitte mugavamad. M\u00f6\u00f6bel on lihtne ja mitmeotstarbeline. Vabal ajal tegelen k\u00e4sit\u00f6\u00f6ga: ketran l\u00f5nga ja koon kangast. Ma oskan ka laulda, pilli m\u00e4ngida, tantsida, kirjutada ja lugeda. Ma elan oma abikaasaga erinvaid elusid. Ma viibin kodus ja olen oma mehele truu, aga mees k\u00e4ib tihti v\u00e4ljas ja peab armukesi. Ma pean t\u00fctrele \u00f5petama, kuidas maja pidada ning pean laste eest hoolitsema. Mul nagu k\u00f5ikidel teistel naistel pole kodaniku\u00f5igusi. Ainult vallalised naised v\u00f5ivad k\u00e4ia ol\u00fcmpiam\u00e4nge vaatamas, nii et mina ei saa. Ma s\u00f6\u00f6n hommikuti odrast leiba, mida valmistavad meile orjad. Mulle meeldib kasta leiba veini, mis on veega segatud. Vein veega on meie k\u00f5ige tavalisem jook. Ma s\u00f6\u00f6n ka palju looma- ning linnuliha. Kuna Ateena asub mere k\u00f5rval, siis ma s\u00f6\u00f6n ka palju kala. Ma armastan ka oliive. Ma s\u00f6\u00f6n oliive s\u00f6\u00f6gi k\u00f5rvale ja mu orjad k\u00fcpsetavad oliivi\u00f5lis igasuguseid toite. \u00d5htus\u00f6\u00f6giks tehakse odrast putru, mida s\u00f6\u00f6n koos juurviljadega. Me naudime pidulikel s\u00f6\u00f6mingutel igasuguseid eksootilisi roogi, n\u00e4iteks eelroaks rohutirtsud. Mulle meeldib ka v\u00e4ga teatris k\u00e4ia, vahepeal v\u00f5tan ka oma orja kaasa.<\/p>\n<p><img loading=\"lazy\" decoding=\"async\" src=\"https:\/\/ramkool.edu.ee\/roostiku\/wp-content\/uploads\/sites\/11\/2019\/04\/MG_8495.jpg\" width=\"264\" height=\"396\" \/><\/p>\n<p>Kirjutas ja joonistas Anna.<\/p>\n","protected":false},"excerpt":{"rendered":"<p>Mina olen Ateena rikas naine. Ma elan<\/p>\n","protected":false},"author":17,"featured_media":8902,"parent":8913,"menu_order":790,"comment_status":"closed","ping_status":"closed","template":"gallery-template.php","meta":{"_acf_changed":false,"footnotes":""},"class_list":["post-8950","page","type-page","status-publish","has-post-thumbnail","hentry"],"acf":[],"_links":{"self":[{"href":"https:\/\/ramkool.edu.ee\/roostiku\/wp-json\/wp\/v2\/pages\/8950","targetHints":{"allow":["GET"]}}],"collection":[{"href":"https:\/\/ramkool.edu.ee\/roostiku\/wp-json\/wp\/v2\/pages"}],"about":[{"href":"https:\/\/ramkool.edu.ee\/roostiku\/wp-json\/wp\/v2\/types\/page"}],"author":[{"embeddable":true,"href":"https:\/\/ramkool.edu.ee\/roostiku\/wp-json\/wp\/v2\/users\/17"}],"replies":[{"embeddable":true,"href":"https:\/\/ramkool.edu.ee\/roostiku\/wp-json\/wp\/v2\/comments?post=8950"}],"version-history":[{"count":4,"href":"https:\/\/ramkool.edu.ee\/roostiku\/wp-json\/wp\/v2\/pages\/8950\/revisions"}],"predecessor-version":[{"id":8958,"href":"https:\/\/ramkool.edu.ee\/roostiku\/wp-json\/wp\/v2\/pages\/8950\/revisions\/8958"}],"up":[{"embeddable":true,"href":"https:\/\/ramkool.edu.ee\/roostiku\/wp-json\/wp\/v2\/pages\/8913"}],"wp:featuredmedia":[{"embeddable":true,"href":"https:\/\/ramkool.edu.ee\/roostiku\/wp-json\/wp\/v2\/media\/8902"}],"wp:attachment":[{"href":"https:\/\/ramkool.edu.ee\/roostiku\/wp-json\/wp\/v2\/media?parent=8950"}],"curies":[{"name":"wp","href":"https:\/\/api.w.org\/{rel}","templated":true}]}}