{"id":8952,"date":"2019-04-20T14:35:30","date_gmt":"2019-04-20T11:35:30","guid":{"rendered":"https:\/\/ramkool.edu.ee\/roostiku\/?page_id=8952"},"modified":"2019-04-21T11:00:29","modified_gmt":"2019-04-21T08:00:29","slug":"ateena-polise-rikas-mees","status":"publish","type":"page","link":"https:\/\/ramkool.edu.ee\/roostiku\/omalooming\/vanakreeklaste-elu-olu\/ateena-polise-rikas-mees\/","title":{"rendered":"Ateena polise rikas mees"},"content":{"rendered":"<p>Ma elan linnas ja ma olen \u00fcks v\u00e4ga rikas Ateena mees. Ma elan majas, mis on vaeste omast suurem, kuid mitte mugavam. M\u00f6\u00f6bel on mu majas lihtne ja mitmeotstarbeline. Ma magan puust voodis ja minu majas olevad lauad on enamasti madalad ja kaunistamata. Minu p\u00e4evavad Ateenas elades m\u00f6\u00f6duvad tavaliselt kodust v\u00e4ljas, sest ma v\u00f5in pidada armukesi ja ma tegelen spordiga. Minu perekonnas on minu naine ja kaks last. Naisega ma peamiselt eriti p\u00e4eval kokku ei puutu, sest tema ei tohi majast v\u00e4ljas k\u00e4ia ja tegeleb koduste asjadega. Mul on \u00f5igus aga armukesi pidada ja kodust v\u00e4ljas k\u00e4ia. Mina aga peres otsustan n\u00e4iteks selle \u00fcle, kui laps s\u00fcnnib, saan ma talle panna seitsmeaastaselt nime ja saan ka otsustada, kas laps on piisavalt eluj\u00f5uline, et teda endale j\u00e4tta. Kui ei ole, siis j\u00e4tan ma lapse avalikku kohta surema. Iga\u00fcks v\u00f5ib sealt lapse endale v\u00f5tta ja \u00fcles kasvatada, enamasti orjaks. Mul on ka \u00f5igus oma majas orje pidada.<\/p>\n<p>Meie, Ateena rahvas, s\u00f6\u00f6me selliseid lihtsaid toite nagu juurvilja, leiba, juustu, kala ja puuvilju. Enamus ajast toitun ma \u00fcksnes leivast ja juurviljast. Hommikuks s\u00f6\u00f6n ma leiba ja juurvilju, l\u00f5unal s\u00f6\u00f6n ma leiba ja puuvilju ja m\u00f5nikord \u00f5htul kala koos juurviljadega. Vahepaladeks on leib ja puuvili. Ateenlaste riided valmistatakse peamiselt nelinurksest kangast, \u00f5mblusi on v\u00e4he, sest kangas m\u00e4hitakse \u00fcmber keha ja kinnitatakse n\u00f5elaga. Alusr\u00f5ivaiks on linasest kangast s\u00e4rk, kreeka keeles kitoon, mida kannavad nii mehed kui ka naised. Kitoon m\u00e4hitakse \u00fcmber keha nii, et see katab vasaku \u00f5la ja parem \u00f5lg j\u00e4\u00e4b katmata. Kangast hoiab \u00f5lal kinni kinnitusn\u00f5el. Meeste kitoon ulatub p\u00f5lvini. S\u00e4rgi pikkus n\u00e4itab, kas tegu on t\u00f6\u00f6lise v\u00f5i aristokraadiga. T\u00f6\u00f6lise kitoon on l\u00fchem kui aristokraadi oma. S\u00e4rgi peal kannavad nii mehed kui ka naised villasest kangast riidet\u00fckki. Mehe pealisr\u00f5ivast nimetatakse himationiks. Siseruumides me jalan\u00f5usid ei kanna, aga \u00f5ues k\u00e4ivad paljajalu \u00fcksnes vaesed. Nii mehed kui ka naised kannavad kergeid rihmadega nahktaldu ehk sandaale.<\/p>\n<p>Ma tegelen vabal ajal spordiga: jooksmise ja odaviskamisega. Ma teen vabal ajal ka muud sporti. Ol\u00fcmpiam\u00e4ngudest ma osa ei v\u00f5ta, sest mulle meeldib rohkem teiste tegevust vaadata, kui ise millegi niisugusega tegeleda, aga ol\u00fcmpiam\u00e4nge k\u00e4in ma vaatamas k\u00fcll. Ja ma olen \u00fcsna kindel, et kui minu lapsed kasvavad suureks, siis l\u00e4hevad nemad ol\u00fcmpiam\u00e4ngudele teistega v\u00f5istlema. Mulle meeldib veel k\u00e4ia teatris. Teatrisse saavad minna nii rikkad kui vaesed, sest teater on meie \u00fcks k\u00f5ige armastatuim asi. Veel meeldib meile v\u00e4ga vein. Teatris n\u00e4idatakse peamiselt trag\u00f6\u00f6diaid ja kom\u00f6\u00f6diaid. N\u00e4idendites ei n\u00e4itle naised. Selleks et naisi j\u00e4ljendada, tehakse mask. Peamiselt kasutatakse kom\u00f6\u00f6dia ja trag\u00f6\u00f6dia maske. Teater toimub peamiselt \u00f5ues ja teatris k\u00e4ivad ka lapsed. Me usume, et on olemas sellised surematud inimesed nagu jumalad. K\u00f5igi jumalate, inimeste ja maa valitseja on jumal, kelle nimi on Zeus. Me ka usume, et jumalad kuulavad meid ja n\u00e4itavad meile \u00f5iget teed. Mina igal juhul usun, et olen siin Ateenas jumalat n\u00e4inud.<\/p>\n<p><img loading=\"lazy\" decoding=\"async\" src=\"https:\/\/ramkool.edu.ee\/roostiku\/wp-content\/uploads\/sites\/11\/2019\/04\/MG_8498.jpg\" width=\"210\" height=\"316\" \/><\/p>\n<p>Kirjutas ja joonistas Bertha.<\/p>\n","protected":false},"excerpt":{"rendered":"<p>Ma elan linnas ja ma olen \u00fcks<\/p>\n","protected":false},"author":17,"featured_media":8905,"parent":8913,"menu_order":780,"comment_status":"closed","ping_status":"closed","template":"gallery-template.php","meta":{"_acf_changed":false,"footnotes":""},"class_list":["post-8952","page","type-page","status-publish","has-post-thumbnail","hentry"],"acf":[],"_links":{"self":[{"href":"https:\/\/ramkool.edu.ee\/roostiku\/wp-json\/wp\/v2\/pages\/8952","targetHints":{"allow":["GET"]}}],"collection":[{"href":"https:\/\/ramkool.edu.ee\/roostiku\/wp-json\/wp\/v2\/pages"}],"about":[{"href":"https:\/\/ramkool.edu.ee\/roostiku\/wp-json\/wp\/v2\/types\/page"}],"author":[{"embeddable":true,"href":"https:\/\/ramkool.edu.ee\/roostiku\/wp-json\/wp\/v2\/users\/17"}],"replies":[{"embeddable":true,"href":"https:\/\/ramkool.edu.ee\/roostiku\/wp-json\/wp\/v2\/comments?post=8952"}],"version-history":[{"count":4,"href":"https:\/\/ramkool.edu.ee\/roostiku\/wp-json\/wp\/v2\/pages\/8952\/revisions"}],"predecessor-version":[{"id":8961,"href":"https:\/\/ramkool.edu.ee\/roostiku\/wp-json\/wp\/v2\/pages\/8952\/revisions\/8961"}],"up":[{"embeddable":true,"href":"https:\/\/ramkool.edu.ee\/roostiku\/wp-json\/wp\/v2\/pages\/8913"}],"wp:featuredmedia":[{"embeddable":true,"href":"https:\/\/ramkool.edu.ee\/roostiku\/wp-json\/wp\/v2\/media\/8905"}],"wp:attachment":[{"href":"https:\/\/ramkool.edu.ee\/roostiku\/wp-json\/wp\/v2\/media?parent=8952"}],"curies":[{"name":"wp","href":"https:\/\/api.w.org\/{rel}","templated":true}]}}