{"id":8963,"date":"2019-05-06T20:04:39","date_gmt":"2019-05-06T17:04:39","guid":{"rendered":"https:\/\/ramkool.edu.ee\/roostiku\/?page_id=8963"},"modified":"2019-05-06T20:27:30","modified_gmt":"2019-05-06T17:27:30","slug":"5-perioodi-esimene-koolipaev","status":"publish","type":"page","link":"https:\/\/ramkool.edu.ee\/roostiku\/pildialbum\/pildialbum\/5-perioodi-esimene-koolipaev\/","title":{"rendered":"5. perioodi esimene koolip\u00e4ev"},"content":{"rendered":"<p>Viimast perioodi alustasime nii, et pistsime n\u00e4pud mulda, et panna p\u00e4evalilled kasvama. Uurisime p\u00e4evalille ja lugesime n\u00f5ias\u00f5nad heaks kasvamiseks peale. Saime kokku ka kirjandusklubis ning r\u00e4\u00e4kisime vaheajal loetud raamatutest.<\/p>\n","protected":false},"excerpt":{"rendered":"<p>Viimast perioodi alustasime nii, et pistsime n\u00e4pud<\/p>\n","protected":false},"author":17,"featured_media":9059,"parent":5953,"menu_order":580,"comment_status":"closed","ping_status":"closed","template":"gallery-template.php","meta":{"_acf_changed":false,"footnotes":""},"class_list":["post-8963","page","type-page","status-publish","has-post-thumbnail","hentry"],"acf":[],"_links":{"self":[{"href":"https:\/\/ramkool.edu.ee\/roostiku\/wp-json\/wp\/v2\/pages\/8963","targetHints":{"allow":["GET"]}}],"collection":[{"href":"https:\/\/ramkool.edu.ee\/roostiku\/wp-json\/wp\/v2\/pages"}],"about":[{"href":"https:\/\/ramkool.edu.ee\/roostiku\/wp-json\/wp\/v2\/types\/page"}],"author":[{"embeddable":true,"href":"https:\/\/ramkool.edu.ee\/roostiku\/wp-json\/wp\/v2\/users\/17"}],"replies":[{"embeddable":true,"href":"https:\/\/ramkool.edu.ee\/roostiku\/wp-json\/wp\/v2\/comments?post=8963"}],"version-history":[{"count":3,"href":"https:\/\/ramkool.edu.ee\/roostiku\/wp-json\/wp\/v2\/pages\/8963\/revisions"}],"predecessor-version":[{"id":9114,"href":"https:\/\/ramkool.edu.ee\/roostiku\/wp-json\/wp\/v2\/pages\/8963\/revisions\/9114"}],"up":[{"embeddable":true,"href":"https:\/\/ramkool.edu.ee\/roostiku\/wp-json\/wp\/v2\/pages\/5953"}],"wp:featuredmedia":[{"embeddable":true,"href":"https:\/\/ramkool.edu.ee\/roostiku\/wp-json\/wp\/v2\/media\/9059"}],"wp:attachment":[{"href":"https:\/\/ramkool.edu.ee\/roostiku\/wp-json\/wp\/v2\/media?parent=8963"}],"curies":[{"name":"wp","href":"https:\/\/api.w.org\/{rel}","templated":true}]}}