{"id":9886,"date":"2019-06-26T15:43:23","date_gmt":"2019-06-26T12:43:23","guid":{"rendered":"https:\/\/ramkool.edu.ee\/roostiku\/?page_id=9886"},"modified":"2019-06-26T15:44:33","modified_gmt":"2019-06-26T12:44:33","slug":"5-perioodi-tegemised","status":"publish","type":"page","link":"https:\/\/ramkool.edu.ee\/roostiku\/pildialbum\/pildialbum\/5-perioodi-tegemised\/","title":{"rendered":"5. perioodi tegemised"},"content":{"rendered":"<p>5. periood \u00fcllatas meid soojade ilmadega ja siis otsisime head \u00f5ppimiskohta kuuse alt ja trepi pealt. Hoolitsesime p\u00e4evalille eest ning maalisime Vincent van Gogh\u00b4st inspireeritult.<\/p>\n","protected":false},"excerpt":{"rendered":"<p>5. periood \u00fcllatas meid soojade ilmadega ja<\/p>\n","protected":false},"author":17,"featured_media":10023,"parent":5953,"menu_order":490,"comment_status":"closed","ping_status":"closed","template":"gallery-template.php","meta":{"_acf_changed":false,"footnotes":""},"class_list":["post-9886","page","type-page","status-publish","has-post-thumbnail","hentry"],"acf":[],"_links":{"self":[{"href":"https:\/\/ramkool.edu.ee\/roostiku\/wp-json\/wp\/v2\/pages\/9886","targetHints":{"allow":["GET"]}}],"collection":[{"href":"https:\/\/ramkool.edu.ee\/roostiku\/wp-json\/wp\/v2\/pages"}],"about":[{"href":"https:\/\/ramkool.edu.ee\/roostiku\/wp-json\/wp\/v2\/types\/page"}],"author":[{"embeddable":true,"href":"https:\/\/ramkool.edu.ee\/roostiku\/wp-json\/wp\/v2\/users\/17"}],"replies":[{"embeddable":true,"href":"https:\/\/ramkool.edu.ee\/roostiku\/wp-json\/wp\/v2\/comments?post=9886"}],"version-history":[{"count":2,"href":"https:\/\/ramkool.edu.ee\/roostiku\/wp-json\/wp\/v2\/pages\/9886\/revisions"}],"predecessor-version":[{"id":10028,"href":"https:\/\/ramkool.edu.ee\/roostiku\/wp-json\/wp\/v2\/pages\/9886\/revisions\/10028"}],"up":[{"embeddable":true,"href":"https:\/\/ramkool.edu.ee\/roostiku\/wp-json\/wp\/v2\/pages\/5953"}],"wp:featuredmedia":[{"embeddable":true,"href":"https:\/\/ramkool.edu.ee\/roostiku\/wp-json\/wp\/v2\/media\/10023"}],"wp:attachment":[{"href":"https:\/\/ramkool.edu.ee\/roostiku\/wp-json\/wp\/v2\/media?parent=9886"}],"curies":[{"name":"wp","href":"https:\/\/api.w.org\/{rel}","templated":true}]}}