{"id":1382,"date":"2015-09-22T08:20:24","date_gmt":"2015-09-22T05:20:24","guid":{"rendered":"http:\/\/ramkool.edu.ee\/site\/vodja-kool\/?page_id=1382"},"modified":"2015-10-18T16:21:03","modified_gmt":"2015-10-18T13:21:03","slug":"koolipere","status":"publish","type":"page","link":"https:\/\/ramkool.edu.ee\/vodja-kool\/koolipere\/","title":{"rendered":"Koolipere"},"content":{"rendered":"<p>K\u00f5rgest korstnast t\u00f5useb taeva poole suitsusammas, mis annab m\u00e4rku, et pererahvas on kodus: koldes on p\u00e4ris tuli, vana maja h\u00f5ngab ammuseid l\u00f5hnu ja tuksub laste kilkeist. Siin kohtumegi, et peatuda. Meid on kodus just parasjagu nii v\u00e4he v\u00f5i palju, et v\u00f5ime pidada end pereks, kuigi iga\u00fchel on oma n\u00e4gu ja oma saatus. Oma m\u00e4lu ja m\u00e4lestustega tuleme siia, kus meist algab \u00fchine, uus elulugu.<\/p>\n","protected":false},"excerpt":{"rendered":"<p>K\u00f5rgest korstnast t\u00f5useb taeva poole suitsusammas, mis<\/p>\n","protected":false},"author":2,"featured_media":1582,"parent":0,"menu_order":20,"comment_status":"closed","ping_status":"closed","template":"","meta":{"_acf_changed":false,"footnotes":""},"class_list":["post-1382","page","type-page","status-publish","has-post-thumbnail","hentry"],"acf":[],"_links":{"self":[{"href":"https:\/\/ramkool.edu.ee\/vodja-kool\/wp-json\/wp\/v2\/pages\/1382","targetHints":{"allow":["GET"]}}],"collection":[{"href":"https:\/\/ramkool.edu.ee\/vodja-kool\/wp-json\/wp\/v2\/pages"}],"about":[{"href":"https:\/\/ramkool.edu.ee\/vodja-kool\/wp-json\/wp\/v2\/types\/page"}],"author":[{"embeddable":true,"href":"https:\/\/ramkool.edu.ee\/vodja-kool\/wp-json\/wp\/v2\/users\/2"}],"replies":[{"embeddable":true,"href":"https:\/\/ramkool.edu.ee\/vodja-kool\/wp-json\/wp\/v2\/comments?post=1382"}],"version-history":[{"count":2,"href":"https:\/\/ramkool.edu.ee\/vodja-kool\/wp-json\/wp\/v2\/pages\/1382\/revisions"}],"predecessor-version":[{"id":1569,"href":"https:\/\/ramkool.edu.ee\/vodja-kool\/wp-json\/wp\/v2\/pages\/1382\/revisions\/1569"}],"wp:featuredmedia":[{"embeddable":true,"href":"https:\/\/ramkool.edu.ee\/vodja-kool\/wp-json\/wp\/v2\/media\/1582"}],"wp:attachment":[{"href":"https:\/\/ramkool.edu.ee\/vodja-kool\/wp-json\/wp\/v2\/media?parent=1382"}],"curies":[{"name":"wp","href":"https:\/\/api.w.org\/{rel}","templated":true}]}}